{"id":1768,"date":"2026-02-03T12:39:26","date_gmt":"2026-02-03T10:39:26","guid":{"rendered":"https:\/\/hilltophotelisosyote.fi\/accommodation\/huoneet\/"},"modified":"2026-03-18T14:59:02","modified_gmt":"2026-03-18T12:59:02","slug":"rooms","status":"publish","type":"page","link":"https:\/\/hilltophotelisosyote.fi\/en\/accommodation\/rooms\/","title":{"rendered":"Rooms"},"content":{"rendered":"<div>Hilltop Hotel Rooms<\/div>\n<h1>Hotel Rooms in Iso-Sy\u00f6te, Lapland<\/h1>\n<div>\n<div class=\"be-panel\"><\/div>\n<\/div>\n<div>\n<p data-start=\"491\" data-end=\"652\">Hilltop Hotel Iso-Sy\u00f6te offers comfortable hotel rooms at the top of Iso-Sy\u00f6te fell, surrounded by the peaceful nature of Sy\u00f6te National Park in Finnish Lapland.<\/p>\n<p data-start=\"654\" data-end=\"934\">Choose between cozy double rooms and spacious rooms with private sauna, all designed in a modern Nordic style inspired by the surrounding wilderness. Large windows open towards the forests and fells, creating a calm atmosphere where guests can relax after a day exploring Lapland.<\/p>\n<p data-start=\"936\" data-end=\"1088\">Staying at Hilltop Hotel Iso-Sy\u00f6te also gives you easy access to <a href=\"https:\/\/hilltophotelisosyote.fi\/en\/restaurant-hilltop\/\">Restaurant Hilltop<\/a>, the <a href=\"https:\/\/hilltophotelisosyote.fi\/en\/arctic-spa\/\">Arctic Spa<\/a> and outdoor activities in Sy\u00f6te throughout the year, whether you visit in <a href=\"https:\/\/hilltophotelisosyote.fi\/en\/winter-activities\/\">winter<\/a>, <a href=\"https:\/\/hilltophotelisosyote.fi\/en\/summer-activities\/\">summer<\/a> or <a href=\"https:\/\/hilltophotelisosyote.fi\/en\/autumn-activities\/\">autumn<\/a>.<\/p>\n<\/div>\n<ul>\n<li>\n<p>        <img decoding=\"async\" src=\"\/wp-content\/uploads\/2026\/02\/star_superior_2.jpg\" alt=\"Star Superior rooms\"><\/p>\n<h2>Star Superior Rooms<\/h2>\n<p>12 rooms<\/p>\n<div>\n<p>Spacious Star Superior Rooms (35 m\u00b2) combine Nordic design, a large bathroom and beautiful views over the fells and forests of Sy\u00f6te National Park.<\/p>\n<p>The rooms are also suitable for families and can be arranged with either twin beds or a double bed, as well as a sofa bed. Some rooms can be connected with a door to the Bear Cave Suite or Phoenix Suite, and accessible rooms are also available.<\/p>\n<\/div>\n<p><a href=\"\/en\/accommodation\/star-superior-rooms\/\">Explore &#038; Book<\/a><\/p>\n<\/li>\n<li>\n<p>        <img decoding=\"async\" src=\"\/wp-content\/uploads\/2026\/02\/poro-huone-web-7.jpg\" alt=\"Reindeer Rooms\"><\/p>\n<h2>Reindeer Rooms<\/h2>\n<p>20 rooms<\/p>\n<div>\n<p data-start=\"0\" data-end=\"201\">Cozy Reindeer Rooms (20 m\u00b2) for two guests are located at the top of the southernmost fell in Finland. Large windows open to beautiful views over the fells and forests of Sy\u00f6te National Park.<\/p>\n<p data-start=\"203\" data-end=\"313\" data-is-last-node=\"\" data-is-only-node=\"\">The rooms feature twin beds, a bathroom, TV and a small seating area. An extra bed can be added for one guest.<\/p>\n<\/div>\n<p><a href=\"https:\/\/hilltophotelisosyote.fi\/en\/accommodation\/rooms\/reindeer-rooms\/\">Explore &#038; Book<\/a><\/p>\n<\/li>\n<\/ul>\n<p><!--more--><br \/>\n<!-- {\"type\":\"layout\",\"children\":[{\"type\":\"section\",\"props\":{\"header_transparent\":false,\"header_transparent_noplaceholder\":true,\"height\":\"viewport\",\"height_viewport\":90,\"height_viewport_offset\":true,\"image\":\"wp-content\/uploads\/2026\/02\/star_superior_room_daylight1.jpg\",\"image_effect\":\"parallax\",\"image_loading\":true,\"image_parallax_bgy\":\"-5vh,4vh\",\"image_parallax_easing\":\"1\",\"image_position\":\"center-center\",\"image_size\":\"cover\",\"image_width\":\"2560\",\"media_overlay\":\"rgba(8, 41, 58, 0.45)\",\"padding_bottom\":\"xlarge\",\"padding_top\":\"xlarge\",\"style\":\"default\",\"text_color\":\"light\",\"title_breakpoint\":\"xl\",\"title_position\":\"top-left\",\"title_rotation\":\"left\",\"vertical_align\":\"middle\",\"width\":\"small\"},\"children\":[{\"type\":\"row\",\"props\":{\"margin_bottom\":\"remove\",\"margin_top\":\"remove\"},\"children\":[{\"type\":\"column\",\"props\":{\"image_position\":\"center-center\",\"position_sticky_breakpoint\":\"m\",\"width_medium\":\"1-1\"},\"children\":[{\"type\":\"headline\",\"props\":{\"block_align\":\"center\",\"content\":\"Hilltop Hotel Rooms\",\"image_align\":\"left\",\"image_margin\":\"xsmall\",\"margin_bottom\":\"small\",\"margin_top\":\"small\",\"maxwidth\":\"xlarge\",\"text_align\":\"center\",\"title_color\":\"primary\",\"title_decoration\":\"line\",\"title_element\":\"div\",\"title_style\":\"h4\"}},{\"type\":\"headline\",\"props\":{\"block_align\":\"center\",\"content\":\"Hotel Rooms in Iso-Sy\u00f6te, Lapland\",\"image_align\":\"left\",\"image_margin\":\"xsmall\",\"margin_top\":\"remove\",\"maxwidth\":\"2xlarge\",\"text_align\":\"center\",\"title_element\":\"h1\",\"title_style\":\"heading-medium\"}},{\"type\":\"html\",\"props\":{\"animation\":\"none\",\"block_align\":\"center\",\"content\":\"\n\n<div class=\\\"be-panel\\\"><\/div>\n\n\",\"parallax_x\":\"-200\",\"text_align\":\"center\"},\"name\":\"html varauspalkki\"}]}]}],\"name\":\"Hero\"},{\"type\":\"section\",\"props\":{\"image_position\":\"center-center\",\"padding_bottom\":\"small\",\"style\":\"default\",\"title_breakpoint\":\"xl\",\"title_position\":\"top-left\",\"title_rotation\":\"left\",\"vertical_align\":\"middle\",\"width\":\"small\"},\"children\":[{\"type\":\"row\",\"children\":[{\"type\":\"column\",\"props\":{\"image_position\":\"center-center\",\"position_sticky_breakpoint\":\"m\"},\"children\":[{\"type\":\"text\",\"props\":{\"column_breakpoint\":\"m\",\"content\":\"\n\n<p data-start=\\\"491\\\" data-end=\\\"652\\\">Hilltop Hotel Iso-Sy\u00f6te offers comfortable hotel rooms at the top of Iso-Sy\u00f6te fell, surrounded by the peaceful nature of Sy\u00f6te National Park in Finnish Lapland.<\/p>\n\n\\n\n\n<p data-start=\\\"654\\\" data-end=\\\"934\\\">Choose between cozy double rooms and spacious rooms with private sauna, all designed in a modern Nordic style inspired by the surrounding wilderness. Large windows open towards the forests and fells, creating a calm atmosphere where guests can relax after a day exploring Lapland.<\/p>\n\n\\n\n\n<p data-start=\\\"936\\\" data-end=\\\"1088\\\">Staying at Hilltop Hotel Iso-Sy\u00f6te also gives you easy access to <a href=\\\"https:\/\/hilltophotelisosyote.fi\/en\/restaurant-hilltop\/\\\">Restaurant Hilltop<\/a>, the <a href=\\\"https:\/\/hilltophotelisosyote.fi\/en\/arctic-spa\/\\\">Arctic Spa<\/a> and outdoor activities in Sy\u00f6te throughout the year, whether you visit in <a href=\\\"https:\/\/hilltophotelisosyote.fi\/en\/winter-activities\/\\\">winter<\/a>, <a href=\\\"https:\/\/hilltophotelisosyote.fi\/en\/summer-activities\/\\\">summer<\/a> or <a href=\\\"https:\/\/hilltophotelisosyote.fi\/en\/autumn-activities\/\\\">autumn<\/a>.<\/p>\n\n\",\"dropcap\":true,\"margin_bottom\":\"default\",\"margin_top\":\"default\",\"text_style\":\"lead\"}}]}]}]},{\"type\":\"section\",\"props\":{\"image_position\":\"center-center\",\"style\":\"default\",\"title_breakpoint\":\"xl\",\"title_position\":\"top-left\",\"title_rotation\":\"left\",\"vertical_align\":\"\",\"width\":\"large\"},\"children\":[{\"type\":\"row\",\"children\":[{\"type\":\"column\",\"props\":{\"image_position\":\"center-center\",\"position_sticky_breakpoint\":\"m\"},\"children\":[{\"type\":\"grid\",\"props\":{\"content_column_breakpoint\":\"m\",\"content_margin\":\"small\",\"content_margin_auto\":true,\"filter_align\":\"left\",\"filter_all\":true,\"filter_grid_breakpoint\":\"m\",\"filter_grid_width\":\"auto\",\"filter_position\":\"top\",\"filter_style\":\"tab\",\"grid_column_gap\":\"small\",\"grid_default\":\"1\",\"grid_medium\":\"2\",\"grid_row_gap\":\"small\",\"image_align\":\"top\",\"image_grid_breakpoint\":\"m\",\"image_grid_width\":\"1-2\",\"image_height\":800,\"image_link\":true,\"image_svg_color\":\"emphasis\",\"image_width\":1280,\"item_animation\":true,\"lightbox_bg_close\":true,\"link_margin\":\"small\",\"link_style\":\"primary\",\"link_text\":\"Tutustu ja varaa\",\"margin_bottom\":\"default\",\"margin_top\":\"default\",\"meta_align\":\"below-title\",\"meta_element\":\"div\",\"meta_margin\":\"xsmall\",\"meta_style\":\"\",\"parallax_easing\":\"1\",\"show_content\":true,\"show_hover_image\":true,\"show_hover_video\":true,\"show_image\":true,\"show_link\":true,\"show_meta\":true,\"show_title\":true,\"show_video\":true,\"title_align\":\"top\",\"title_element\":\"h2\",\"title_grid_breakpoint\":\"m\",\"title_grid_width\":\"1-2\",\"title_hover_style\":\"reset\",\"title_link\":true,\"title_style\":\"h3\"},\"children\":[{\"type\":\"grid_item\",\"props\":{\"content\":\"\n\n<p>Spacious Star Superior Rooms (35 m\u00b2) combine Nordic design, a large bathroom and beautiful views over the fells and forests of Sy\u00f6te National Park.<\/p>\n\n\\n\n\n<p>The rooms are also suitable for families and can be arranged with either twin beds or a double bed, as well as a sofa bed. Some rooms can be connected with a door to the Bear Cave Suite or Phoenix Suite, and accessible rooms are also available.<\/p>\n\n\",\"image\":\"wp-content\/uploads\/2026\/02\/star_superior_2.jpg\",\"image_alt\":\"Star Superior rooms\",\"link\":\"en\/accommodation\/star-superior-rooms\/\",\"link_aria_label\":\"Star Superior rooms\",\"link_text\":\"Explore & Book\",\"meta\":\"12 rooms\",\"title\":\"Star Superior Rooms\"}},{\"type\":\"grid_item\",\"props\":{\"content\":\"\n\n<p data-start=\\\"0\\\" data-end=\\\"201\\\">Cozy Reindeer Rooms (20 m\u00b2) for two guests are located at the top of the southernmost fell in Finland. Large windows open to beautiful views over the fells and forests of Sy\u00f6te National Park.<\/p>\n\n\\n\n\n<p data-start=\\\"203\\\" data-end=\\\"313\\\" data-is-last-node=\\\"\\\" data-is-only-node=\\\"\\\">The rooms feature twin beds, a bathroom, TV and a small seating area. An extra bed can be added for one guest.<\/p>\n\n\",\"image\":\"wp-content\/uploads\/2026\/02\/poro-huone-web-7.jpg\",\"image_alt\":\"Reindeer Rooms\",\"link\":\"en\/accommodation\/rooms\/reindeer-rooms\",\"link_aria_label\":\"Reindeer Rooms\",\"link_text\":\"Explore & Book\",\"meta\":\"20 rooms\",\"title\":\"Reindeer Rooms\"}}]}]}]}],\"name\":\"Posts\"}],\"version\":\"5.0.23\"} --><\/p>\n","protected":false},"excerpt":{"rendered":"<p>Hilltop Hotel Rooms Hotel Rooms in Iso-Sy\u00f6te, Lapland Hilltop Hotel Iso-Sy\u00f6te offers comfortable hotel rooms at the top of Iso-Sy\u00f6te fell, surrounded by the peaceful nature of Sy\u00f6te National Park in Finnish Lapland. Choose between cozy double rooms and spacious rooms with private sauna, all designed in a modern Nordic style inspired by the surrounding [&hellip;]<\/p>\n","protected":false},"author":1,"featured_media":0,"parent":1759,"menu_order":0,"comment_status":"closed","ping_status":"closed","template":"","meta":{"_acf_changed":false,"footnotes":""},"class_list":["post-1768","page","type-page","status-publish","hentry"],"acf":[],"yoast_head":"<!-- This site is optimized with the Yoast SEO Premium plugin v27.4 (Yoast SEO v27.4) - https:\/\/yoast.com\/product\/yoast-seo-premium-wordpress\/ -->\n<title>Hotel Rooms in Iso-Sy\u00f6te Lapland | Hilltop Hotel Iso-Sy\u00f6te<\/title>\n<meta name=\"description\" content=\"Stay in comfortable hotel rooms at Hilltop Hotel Iso-Sy\u00f6te in Finnish Lapland. Choose cozy double rooms or spacious rooms with fell views in Sy\u00f6te National Park.\" \/>\n<meta name=\"robots\" content=\"index, follow, max-snippet:-1, max-image-preview:large, max-video-preview:-1\" \/>\n<link rel=\"canonical\" href=\"https:\/\/hilltophotelisosyote.fi\/en\/accommodation\/rooms\/\" \/>\n<meta property=\"og:locale\" content=\"en_US\" \/>\n<meta property=\"og:type\" content=\"article\" \/>\n<meta property=\"og:title\" content=\"Rooms\" \/>\n<meta property=\"og:description\" content=\"Stay in comfortable hotel rooms at Hilltop Hotel Iso-Sy\u00f6te in Finnish Lapland. Choose cozy double rooms or spacious rooms with fell views in Sy\u00f6te National Park.\" \/>\n<meta property=\"og:url\" content=\"https:\/\/hilltophotelisosyote.fi\/en\/accommodation\/rooms\/\" \/>\n<meta property=\"og:site_name\" content=\"Hilltop Hotel Iso-Sy\u00f6te\" \/>\n<meta property=\"article:publisher\" content=\"https:\/\/www.facebook.com\/Hotel.Isosyote\/\" \/>\n<meta property=\"article:modified_time\" content=\"2026-03-18T12:59:02+00:00\" \/>\n<meta property=\"og:image\" content=\"https:\/\/hilltophotelisosyote.fi\/wp-content\/uploads\/2026\/02\/ravintola_hilltop-sali.jpg\" \/>\n\t<meta property=\"og:image:width\" content=\"2000\" \/>\n\t<meta property=\"og:image:height\" content=\"1150\" \/>\n\t<meta property=\"og:image:type\" content=\"image\/jpeg\" \/>\n<meta name=\"twitter:card\" content=\"summary_large_image\" \/>\n<meta name=\"twitter:label1\" content=\"Est. reading time\" \/>\n\t<meta name=\"twitter:data1\" content=\"2 minutes\" \/>\n<script type=\"application\/ld+json\" class=\"yoast-schema-graph\">{\"@context\":\"https:\\\/\\\/schema.org\",\"@graph\":[{\"@type\":\"WebPage\",\"@id\":\"https:\\\/\\\/hilltophotelisosyote.fi\\\/en\\\/accommodation\\\/rooms\\\/\",\"url\":\"https:\\\/\\\/hilltophotelisosyote.fi\\\/en\\\/accommodation\\\/rooms\\\/\",\"name\":\"Hotel Rooms in Iso-Sy\u00f6te Lapland | Hilltop Hotel Iso-Sy\u00f6te\",\"isPartOf\":{\"@id\":\"https:\\\/\\\/hilltophotelisosyote.fi\\\/en\\\/#website\"},\"datePublished\":\"2026-02-03T10:39:26+00:00\",\"dateModified\":\"2026-03-18T12:59:02+00:00\",\"description\":\"Stay in comfortable hotel rooms at Hilltop Hotel Iso-Sy\u00f6te in Finnish Lapland. Choose cozy double rooms or spacious rooms with fell views in Sy\u00f6te National Park.\",\"breadcrumb\":{\"@id\":\"https:\\\/\\\/hilltophotelisosyote.fi\\\/en\\\/accommodation\\\/rooms\\\/#breadcrumb\"},\"inLanguage\":\"en-US\",\"potentialAction\":[{\"@type\":\"ReadAction\",\"target\":[\"https:\\\/\\\/hilltophotelisosyote.fi\\\/en\\\/accommodation\\\/rooms\\\/\"]}]},{\"@type\":\"BreadcrumbList\",\"@id\":\"https:\\\/\\\/hilltophotelisosyote.fi\\\/en\\\/accommodation\\\/rooms\\\/#breadcrumb\",\"itemListElement\":[{\"@type\":\"ListItem\",\"position\":1,\"name\":\"Etusivu\",\"item\":\"https:\\\/\\\/hilltophotelisosyote.fi\\\/en\\\/\"},{\"@type\":\"ListItem\",\"position\":2,\"name\":\"Accommodation\",\"item\":\"https:\\\/\\\/hilltophotelisosyote.fi\\\/en\\\/accommodation\\\/\"},{\"@type\":\"ListItem\",\"position\":3,\"name\":\"Rooms\"}]},{\"@type\":\"WebSite\",\"@id\":\"https:\\\/\\\/hilltophotelisosyote.fi\\\/en\\\/#website\",\"url\":\"https:\\\/\\\/hilltophotelisosyote.fi\\\/en\\\/\",\"name\":\"Hilltop Hotel Iso-Sy\u00f6te\",\"description\":\"Rise Above the Ordinary!\",\"publisher\":{\"@id\":\"https:\\\/\\\/hilltophotelisosyote.fi\\\/en\\\/#organization\"},\"potentialAction\":[{\"@type\":\"SearchAction\",\"target\":{\"@type\":\"EntryPoint\",\"urlTemplate\":\"https:\\\/\\\/hilltophotelisosyote.fi\\\/en\\\/?s={search_term_string}\"},\"query-input\":{\"@type\":\"PropertyValueSpecification\",\"valueRequired\":true,\"valueName\":\"search_term_string\"}}],\"inLanguage\":\"en-US\"},{\"@type\":[\"Organization\",\"Place\"],\"@id\":\"https:\\\/\\\/hilltophotelisosyote.fi\\\/en\\\/#organization\",\"name\":\"Hilltop Hotel Iso-Sy\u00f6te\",\"url\":\"https:\\\/\\\/hilltophotelisosyote.fi\\\/en\\\/\",\"logo\":{\"@id\":\"https:\\\/\\\/hilltophotelisosyote.fi\\\/en\\\/accommodation\\\/rooms\\\/#local-main-organization-logo\"},\"image\":{\"@id\":\"https:\\\/\\\/hilltophotelisosyote.fi\\\/en\\\/accommodation\\\/rooms\\\/#local-main-organization-logo\"},\"sameAs\":[\"https:\\\/\\\/www.facebook.com\\\/Hotel.Isosyote\\\/\",\"https:\\\/\\\/www.instagram.com\\\/hotel.isosyote\\\/\",\"https:\\\/\\\/www.tripadvisor.fi\\\/Hotel_Review-g1370502-d633303-Reviews-Hotel_Iso_Syote-Iso_Syote_Lapland.html\"],\"telephone\":[],\"openingHoursSpecification\":[{\"@type\":\"OpeningHoursSpecification\",\"dayOfWeek\":[\"Monday\",\"Tuesday\",\"Wednesday\",\"Thursday\",\"Friday\",\"Saturday\",\"Sunday\"],\"opens\":\"09:00\",\"closes\":\"17:00\"}]},{\"@type\":\"ImageObject\",\"inLanguage\":\"en-US\",\"@id\":\"https:\\\/\\\/hilltophotelisosyote.fi\\\/en\\\/accommodation\\\/rooms\\\/#local-main-organization-logo\",\"url\":\"https:\\\/\\\/hilltophotelisosyote.fi\\\/wp-content\\\/uploads\\\/2026\\\/01\\\/Hilltop_hotel_isosyote_3lines.png\",\"contentUrl\":\"https:\\\/\\\/hilltophotelisosyote.fi\\\/wp-content\\\/uploads\\\/2026\\\/01\\\/Hilltop_hotel_isosyote_3lines.png\",\"width\":800,\"height\":800,\"caption\":\"Hilltop Hotel Iso-Sy\u00f6te\"}]}<\/script>\n<!-- \/ Yoast SEO Premium plugin. -->","yoast_head_json":{"title":"Hotel Rooms in Iso-Sy\u00f6te Lapland | Hilltop Hotel Iso-Sy\u00f6te","description":"Stay in comfortable hotel rooms at Hilltop Hotel Iso-Sy\u00f6te in Finnish Lapland. Choose cozy double rooms or spacious rooms with fell views in Sy\u00f6te National Park.","robots":{"index":"index","follow":"follow","max-snippet":"max-snippet:-1","max-image-preview":"max-image-preview:large","max-video-preview":"max-video-preview:-1"},"canonical":"https:\/\/hilltophotelisosyote.fi\/en\/accommodation\/rooms\/","og_locale":"en_US","og_type":"article","og_title":"Rooms","og_description":"Stay in comfortable hotel rooms at Hilltop Hotel Iso-Sy\u00f6te in Finnish Lapland. Choose cozy double rooms or spacious rooms with fell views in Sy\u00f6te National Park.","og_url":"https:\/\/hilltophotelisosyote.fi\/en\/accommodation\/rooms\/","og_site_name":"Hilltop Hotel Iso-Sy\u00f6te","article_publisher":"https:\/\/www.facebook.com\/Hotel.Isosyote\/","article_modified_time":"2026-03-18T12:59:02+00:00","og_image":[{"width":2000,"height":1150,"url":"https:\/\/hilltophotelisosyote.fi\/wp-content\/uploads\/2026\/02\/ravintola_hilltop-sali.jpg","type":"image\/jpeg"}],"twitter_card":"summary_large_image","twitter_misc":{"Est. reading time":"2 minutes"},"schema":{"@context":"https:\/\/schema.org","@graph":[{"@type":"WebPage","@id":"https:\/\/hilltophotelisosyote.fi\/en\/accommodation\/rooms\/","url":"https:\/\/hilltophotelisosyote.fi\/en\/accommodation\/rooms\/","name":"Hotel Rooms in Iso-Sy\u00f6te Lapland | Hilltop Hotel Iso-Sy\u00f6te","isPartOf":{"@id":"https:\/\/hilltophotelisosyote.fi\/en\/#website"},"datePublished":"2026-02-03T10:39:26+00:00","dateModified":"2026-03-18T12:59:02+00:00","description":"Stay in comfortable hotel rooms at Hilltop Hotel Iso-Sy\u00f6te in Finnish Lapland. Choose cozy double rooms or spacious rooms with fell views in Sy\u00f6te National Park.","breadcrumb":{"@id":"https:\/\/hilltophotelisosyote.fi\/en\/accommodation\/rooms\/#breadcrumb"},"inLanguage":"en-US","potentialAction":[{"@type":"ReadAction","target":["https:\/\/hilltophotelisosyote.fi\/en\/accommodation\/rooms\/"]}]},{"@type":"BreadcrumbList","@id":"https:\/\/hilltophotelisosyote.fi\/en\/accommodation\/rooms\/#breadcrumb","itemListElement":[{"@type":"ListItem","position":1,"name":"Etusivu","item":"https:\/\/hilltophotelisosyote.fi\/en\/"},{"@type":"ListItem","position":2,"name":"Accommodation","item":"https:\/\/hilltophotelisosyote.fi\/en\/accommodation\/"},{"@type":"ListItem","position":3,"name":"Rooms"}]},{"@type":"WebSite","@id":"https:\/\/hilltophotelisosyote.fi\/en\/#website","url":"https:\/\/hilltophotelisosyote.fi\/en\/","name":"Hilltop Hotel Iso-Sy\u00f6te","description":"Rise Above the Ordinary!","publisher":{"@id":"https:\/\/hilltophotelisosyote.fi\/en\/#organization"},"potentialAction":[{"@type":"SearchAction","target":{"@type":"EntryPoint","urlTemplate":"https:\/\/hilltophotelisosyote.fi\/en\/?s={search_term_string}"},"query-input":{"@type":"PropertyValueSpecification","valueRequired":true,"valueName":"search_term_string"}}],"inLanguage":"en-US"},{"@type":["Organization","Place"],"@id":"https:\/\/hilltophotelisosyote.fi\/en\/#organization","name":"Hilltop Hotel Iso-Sy\u00f6te","url":"https:\/\/hilltophotelisosyote.fi\/en\/","logo":{"@id":"https:\/\/hilltophotelisosyote.fi\/en\/accommodation\/rooms\/#local-main-organization-logo"},"image":{"@id":"https:\/\/hilltophotelisosyote.fi\/en\/accommodation\/rooms\/#local-main-organization-logo"},"sameAs":["https:\/\/www.facebook.com\/Hotel.Isosyote\/","https:\/\/www.instagram.com\/hotel.isosyote\/","https:\/\/www.tripadvisor.fi\/Hotel_Review-g1370502-d633303-Reviews-Hotel_Iso_Syote-Iso_Syote_Lapland.html"],"telephone":[],"openingHoursSpecification":[{"@type":"OpeningHoursSpecification","dayOfWeek":["Monday","Tuesday","Wednesday","Thursday","Friday","Saturday","Sunday"],"opens":"09:00","closes":"17:00"}]},{"@type":"ImageObject","inLanguage":"en-US","@id":"https:\/\/hilltophotelisosyote.fi\/en\/accommodation\/rooms\/#local-main-organization-logo","url":"https:\/\/hilltophotelisosyote.fi\/wp-content\/uploads\/2026\/01\/Hilltop_hotel_isosyote_3lines.png","contentUrl":"https:\/\/hilltophotelisosyote.fi\/wp-content\/uploads\/2026\/01\/Hilltop_hotel_isosyote_3lines.png","width":800,"height":800,"caption":"Hilltop Hotel Iso-Sy\u00f6te"}]}},"_links":{"self":[{"href":"https:\/\/hilltophotelisosyote.fi\/en\/wp-json\/wp\/v2\/pages\/1768","targetHints":{"allow":["GET"]}}],"collection":[{"href":"https:\/\/hilltophotelisosyote.fi\/en\/wp-json\/wp\/v2\/pages"}],"about":[{"href":"https:\/\/hilltophotelisosyote.fi\/en\/wp-json\/wp\/v2\/types\/page"}],"author":[{"embeddable":true,"href":"https:\/\/hilltophotelisosyote.fi\/en\/wp-json\/wp\/v2\/users\/1"}],"replies":[{"embeddable":true,"href":"https:\/\/hilltophotelisosyote.fi\/en\/wp-json\/wp\/v2\/comments?post=1768"}],"version-history":[{"count":15,"href":"https:\/\/hilltophotelisosyote.fi\/en\/wp-json\/wp\/v2\/pages\/1768\/revisions"}],"predecessor-version":[{"id":3300,"href":"https:\/\/hilltophotelisosyote.fi\/en\/wp-json\/wp\/v2\/pages\/1768\/revisions\/3300"}],"up":[{"embeddable":true,"href":"https:\/\/hilltophotelisosyote.fi\/en\/wp-json\/wp\/v2\/pages\/1759"}],"wp:attachment":[{"href":"https:\/\/hilltophotelisosyote.fi\/en\/wp-json\/wp\/v2\/media?parent=1768"}],"curies":[{"name":"wp","href":"https:\/\/api.w.org\/{rel}","templated":true}]}}