{"id":1780,"date":"2026-02-02T13:48:16","date_gmt":"2026-02-02T11:48:16","guid":{"rendered":"https:\/\/hilltophotelisosyote.fi\/accommodation\/mokit\/"},"modified":"2026-03-18T14:01:00","modified_gmt":"2026-03-18T12:01:00","slug":"cottages","status":"publish","type":"page","link":"https:\/\/hilltophotelisosyote.fi\/en\/accommodation\/cottages\/","title":{"rendered":"Cottages"},"content":{"rendered":"<h1>Cottages at Iso-Sy\u00f6te, Finland<\/h1>\n<div>Summit and Hillside Cottages<\/div>\n<div>\n<div class=\"be-panel\"><\/div>\n<\/div>\n<div>\n<p>The cottages at Hilltop Hotel Iso-Sy\u00f6te offer cozy accommodation in the heart of Finnish Lapland. Choose between Hilltop Cottages, traditional Kelo log cabins and the charming Meht\u00e4tuuva cottage, all surrounded by the peaceful nature and beautiful fell landscapes of Sy\u00f6te National Park.<\/p>\n<\/div>\n<ul>\n<li>\n<p>        <img decoding=\"async\" src=\"\/wp-content\/uploads\/2026\/02\/tunturimokit-kesa-ulkoa.jpg\" alt=\"Hilltop cottages in Iso-Sy\u00f6te Finnish Lapland\"><\/p>\n<h2>Hilltop Cottages<\/h2>\n<div>\n<p data-start=\"1227\" data-end=\"1498\">The Hilltop Cottages in Iso-Sy\u00f6te are located at the top of the Iso-Sy\u00f6te fell next to Hilltop Hotel. Surrounded by Arctic nature, ski tracks and mountain bike trails, these spacious cottages offer comfortable accommodation for families and groups in Finnish Lapland.<\/p>\n<\/div>\n<p><a href=\"https:\/\/hilltophotelisosyote.fi\/en\/accommodation\/cottages\/hilltop-cottages\/\">Read more and book<\/a><\/p>\n<\/li>\n<li>\n<p>        <img decoding=\"async\" src=\"\/wp-content\/uploads\/2026\/01\/hotel_isosyote_karhunpesa_kelomokki3-522x522-1.jpg\" alt=\"Traditional kelo log cottage in Iso-Sy\u00f6te Finnish Lapland\"><\/p>\n<h2>Kelo Cottages<\/h2>\n<div>\n<p>Each atmospheric Kelo Cottage (40 m\u00b2) comfortably accommodates up to four guests, featuring a cozy living area centered around a natural stone fireplace.<\/p>\n<p>Kelo Cottages are nestled atop the Iso-Sy\u00f6te fell.<\/p>\n<\/div>\n<p><a href=\"https:\/\/hilltophotelisosyote.fi\/en\/accommodation\/cottages\/kelo-cottages\/\">Read more and book<\/a><\/p>\n<\/li>\n<li>\n<p>        <img decoding=\"async\" src=\"\/wp-content\/uploads\/2026\/02\/mehtatuuva.jpeg\" alt=\"Meht\u00e4tuuva log cottage in Iso-Sy\u00f6te Finnish Lapland\"><\/p>\n<h2>Meht\u00e4tuuva Kelo Cottage<\/h2>\n<div>Meht\u00e4tuuva is a charming deadwood log cabin located in the summit area of Iso-Sy\u00f6te. With the warmth of a crackling fireplace and large windows framing breathtaking fell scenery, it provides inviting accommodation for up to seven guests.<\/div>\n<p><a href=\"https:\/\/hilltophotelisosyote.fi\/en\/accommodation\/cottages\/mehtatuuva-kelo-cottage\/\">Read more and book<\/a><\/p>\n<\/li>\n<\/ul>\n<p><!--more--><br \/>\n<!-- {\"type\":\"layout\",\"children\":[{\"type\":\"section\",\"props\":{\"header_transparent\":false,\"header_transparent_noplaceholder\":true,\"height\":\"viewport\",\"height_viewport\":90,\"height_viewport_offset\":true,\"image\":\"wp-content\/uploads\/2026\/02\/kelomokkikyla-kesa-mokkikyla.jpg\",\"image_effect\":\"parallax\",\"image_loading\":true,\"image_parallax_bgy\":\"-5vh,4vh\",\"image_parallax_easing\":\"1\",\"image_position\":\"center-center\",\"image_size\":\"cover\",\"image_width\":\"2560\",\"media_focal_point\":\"center-right\",\"media_overlay\":\"rgba(8, 41, 58, 0.25)\",\"padding_bottom\":\"xlarge\",\"padding_top\":\"xlarge\",\"style\":\"default\",\"text_color\":\"light\",\"title_breakpoint\":\"xl\",\"title_position\":\"top-left\",\"title_rotation\":\"left\",\"vertical_align\":\"middle\",\"width\":\"small\"},\"children\":[{\"type\":\"row\",\"props\":{\"margin_bottom\":\"remove\",\"margin_top\":\"remove\"},\"children\":[{\"type\":\"column\",\"props\":{\"image_position\":\"center-center\",\"position_sticky_breakpoint\":\"m\",\"width_medium\":\"1-1\"},\"children\":[{\"type\":\"headline\",\"props\":{\"block_align\":\"center\",\"content\":\"Cottages at Iso-Sy\u00f6te, Finland\",\"image_align\":\"left\",\"image_margin\":\"xsmall\",\"margin_bottom\":\"small\",\"margin_top\":\"small\",\"maxwidth\":\"xlarge\",\"text_align\":\"center\",\"title_color\":\"primary\",\"title_decoration\":\"line\",\"title_element\":\"h1\",\"title_style\":\"h4\"}},{\"type\":\"headline\",\"props\":{\"block_align\":\"center\",\"content\":\"Summit and Hillside Cottages\",\"image_align\":\"left\",\"image_margin\":\"xsmall\",\"margin_top\":\"remove\",\"maxwidth\":\"2xlarge\",\"text_align\":\"center\",\"title_element\":\"div\",\"title_style\":\"heading-medium\"}},{\"type\":\"html\",\"props\":{\"animation\":\"none\",\"block_align\":\"center\",\"content\":\"\n\n<div class=\\\"be-panel\\\"><\/div>\n\n\",\"parallax_x\":\"-200\",\"text_align\":\"center\"},\"name\":\"html varauspalkki\"}]}]}],\"name\":\"Hero\"},{\"type\":\"section\",\"props\":{\"image_position\":\"center-center\",\"padding_bottom\":\"small\",\"style\":\"default\",\"title_breakpoint\":\"xl\",\"title_position\":\"top-left\",\"title_rotation\":\"left\",\"vertical_align\":\"middle\",\"width\":\"small\"},\"children\":[{\"type\":\"row\",\"children\":[{\"type\":\"column\",\"props\":{\"image_position\":\"center-center\",\"position_sticky_breakpoint\":\"m\"},\"children\":[{\"type\":\"text\",\"props\":{\"column_breakpoint\":\"m\",\"content\":\"\n\n<p>The cottages at Hilltop Hotel Iso-Sy\u00f6te offer cozy accommodation in the heart of Finnish Lapland. Choose between Hilltop Cottages, traditional Kelo log cabins and the charming Meht\u00e4tuuva cottage, all surrounded by the peaceful nature and beautiful fell landscapes of Sy\u00f6te National Park.<\/p>\n\n\",\"dropcap\":true,\"margin_bottom\":\"default\",\"margin_top\":\"default\",\"text_style\":\"lead\"}}]}]}]},{\"type\":\"section\",\"props\":{\"image_position\":\"center-center\",\"style\":\"default\",\"title_breakpoint\":\"xl\",\"title_position\":\"top-left\",\"title_rotation\":\"left\",\"vertical_align\":\"\",\"width\":\"large\"},\"children\":[{\"type\":\"row\",\"children\":[{\"type\":\"column\",\"props\":{\"image_position\":\"center-center\",\"position_sticky_breakpoint\":\"m\"},\"children\":[{\"type\":\"grid\",\"props\":{\"content_column_breakpoint\":\"m\",\"content_margin\":\"small\",\"content_margin_auto\":true,\"filter_align\":\"left\",\"filter_all\":true,\"filter_grid_breakpoint\":\"m\",\"filter_grid_width\":\"auto\",\"filter_position\":\"top\",\"filter_style\":\"tab\",\"grid_default\":\"1\",\"grid_medium\":\"3\",\"image_align\":\"top\",\"image_grid_breakpoint\":\"m\",\"image_grid_width\":\"1-2\",\"image_height\":600,\"image_link\":true,\"image_svg_color\":\"emphasis\",\"image_width\":\"900\",\"item_animation\":true,\"lightbox_bg_close\":true,\"link_margin\":\"small\",\"link_style\":\"primary\",\"link_text\":\"Read more and book\",\"margin_bottom\":\"default\",\"margin_top\":\"default\",\"meta_align\":\"below-title\",\"meta_element\":\"div\",\"meta_style\":\"text-meta\",\"panel_link\":true,\"parallax_easing\":\"1\",\"show_content\":true,\"show_hover_image\":true,\"show_hover_video\":true,\"show_image\":true,\"show_link\":true,\"show_meta\":true,\"show_title\":true,\"show_video\":true,\"title_align\":\"top\",\"title_element\":\"h2\",\"title_grid_breakpoint\":\"m\",\"title_grid_width\":\"1-2\",\"title_hover_style\":\"reset\",\"title_link\":true,\"title_style\":\"h3\"},\"children\":[{\"type\":\"grid_item\",\"props\":{\"content\":\"\n\n<p data-start=\\\"1227\\\" data-end=\\\"1498\\\">The Hilltop Cottages in Iso-Sy\u00f6te are located at the top of the Iso-Sy\u00f6te fell next to Hilltop Hotel. Surrounded by Arctic nature, ski tracks and mountain bike trails, these spacious cottages offer comfortable accommodation for families and groups in Finnish Lapland.<\/p>\n\n\",\"image\":\"wp-content\/uploads\/2026\/02\/tunturimokit-kesa-ulkoa.jpg\",\"image_alt\":\"Hilltop cottages in Iso-Sy\u00f6te Finnish Lapland\",\"link\":\"en\/accommodation\/cottages\/hilltop-cottages\/\",\"link_aria_label\":\"Hilltop Cottages\",\"title\":\"Hilltop Cottages\"}},{\"type\":\"grid_item\",\"props\":{\"content\":\"\n\n<p>Each atmospheric Kelo Cottage (40 m\u00b2) comfortably accommodates up to four guests, featuring a cozy living area centered around a natural stone fireplace.<\/p>\n\n\\n\n\n<p>Kelo Cottages are nestled atop the Iso-Sy\u00f6te fell.<\/p>\n\n\",\"image\":\"wp-content\/uploads\/2026\/01\/hotel_isosyote_karhunpesa_kelomokki3-522x522-1.jpg\",\"image_alt\":\"Traditional kelo log cottage in Iso-Sy\u00f6te Finnish Lapland\",\"link\":\"en\/accommodation\/cottages\/kelo-cottages\/\",\"link_aria_label\":\"Kelo Cottages\",\"title\":\"Kelo Cottages\",\"video\":\"\"}},{\"type\":\"grid_item\",\"props\":{\"content\":\"Meht\u00e4tuuva is a charming deadwood log cabin located in the summit area of Iso-Sy\u00f6te. With the warmth of a crackling fireplace and large windows framing breathtaking fell scenery, it provides inviting accommodation for up to seven guests.\",\"image\":\"wp-content\/uploads\/2026\/02\/mehtatuuva.jpeg\",\"image_alt\":\"Meht\u00e4tuuva log cottage in Iso-Sy\u00f6te Finnish Lapland\",\"link\":\"en\/accommodation\/cottages\/mehtatuuva-kelo-cottage\/\",\"link_aria_label\":\"Meht\u00e4tuuva Kelo Cottage\",\"title\":\"Meht\u00e4tuuva Kelo Cottage\"}}]}]}]}],\"name\":\"Posts\"}],\"version\":\"5.0.23\"} --><\/p>\n","protected":false},"excerpt":{"rendered":"<p>Cottages at Iso-Sy\u00f6te, Finland Summit and Hillside Cottages The cottages at Hilltop Hotel Iso-Sy\u00f6te offer cozy accommodation in the heart of Finnish Lapland. Choose between Hilltop Cottages, traditional Kelo log cabins and the charming Meht\u00e4tuuva cottage, all surrounded by the peaceful nature and beautiful fell landscapes of Sy\u00f6te National Park. Hilltop Cottages The Hilltop Cottages [&hellip;]<\/p>\n","protected":false},"author":1,"featured_media":1783,"parent":1759,"menu_order":0,"comment_status":"closed","ping_status":"closed","template":"","meta":{"_acf_changed":false,"footnotes":""},"class_list":["post-1780","page","type-page","status-publish","has-post-thumbnail","hentry"],"acf":[],"yoast_head":"<!-- This site is optimized with the Yoast SEO Premium plugin v27.4 (Yoast SEO v27.4) - https:\/\/yoast.com\/product\/yoast-seo-premium-wordpress\/ -->\n<title>Cottages in Iso-Sy\u00f6te \u2013 Hilltop Hotel Iso-Sy\u00f6te | Lapland Finland<\/title>\n<meta name=\"description\" content=\"Stay in cozy cottages at Hilltop Hotel Iso-Sy\u00f6te in Finnish Lapland. Choose from Hilltop Cottages, Kelo log cabins and the Meht\u00e4tuuva cottage surrounded by Arctic nature.\" \/>\n<meta name=\"robots\" content=\"index, follow, max-snippet:-1, max-image-preview:large, max-video-preview:-1\" \/>\n<link rel=\"canonical\" href=\"https:\/\/hilltophotelisosyote.fi\/en\/accommodation\/cottages\/\" \/>\n<meta property=\"og:locale\" content=\"en_US\" \/>\n<meta property=\"og:type\" content=\"article\" \/>\n<meta property=\"og:title\" content=\"Cottages\" \/>\n<meta property=\"og:description\" content=\"Stay in cozy cottages at Hilltop Hotel Iso-Sy\u00f6te in Finnish Lapland. Choose from Hilltop Cottages, Kelo log cabins and the Meht\u00e4tuuva cottage surrounded by Arctic nature.\" \/>\n<meta property=\"og:url\" content=\"https:\/\/hilltophotelisosyote.fi\/en\/accommodation\/cottages\/\" \/>\n<meta property=\"og:site_name\" content=\"Hilltop Hotel Iso-Sy\u00f6te\" \/>\n<meta property=\"article:publisher\" content=\"https:\/\/www.facebook.com\/Hotel.Isosyote\/\" \/>\n<meta property=\"article:modified_time\" content=\"2026-03-18T12:01:00+00:00\" \/>\n<meta property=\"og:image\" content=\"https:\/\/hilltophotelisosyote.fi\/wp-content\/uploads\/2026\/02\/tunturimokki3.jpg\" \/>\n\t<meta property=\"og:image:width\" content=\"2000\" \/>\n\t<meta property=\"og:image:height\" content=\"1150\" \/>\n\t<meta property=\"og:image:type\" content=\"image\/jpeg\" \/>\n<meta name=\"twitter:card\" content=\"summary_large_image\" \/>\n<meta name=\"twitter:label1\" content=\"Est. reading time\" \/>\n\t<meta name=\"twitter:data1\" content=\"2 minutes\" \/>\n<script type=\"application\/ld+json\" class=\"yoast-schema-graph\">{\"@context\":\"https:\\\/\\\/schema.org\",\"@graph\":[{\"@type\":\"WebPage\",\"@id\":\"https:\\\/\\\/hilltophotelisosyote.fi\\\/en\\\/accommodation\\\/cottages\\\/\",\"url\":\"https:\\\/\\\/hilltophotelisosyote.fi\\\/en\\\/accommodation\\\/cottages\\\/\",\"name\":\"Cottages in Iso-Sy\u00f6te \u2013 Hilltop Hotel Iso-Sy\u00f6te | Lapland Finland\",\"isPartOf\":{\"@id\":\"https:\\\/\\\/hilltophotelisosyote.fi\\\/en\\\/#website\"},\"primaryImageOfPage\":{\"@id\":\"https:\\\/\\\/hilltophotelisosyote.fi\\\/en\\\/accommodation\\\/cottages\\\/#primaryimage\"},\"image\":{\"@id\":\"https:\\\/\\\/hilltophotelisosyote.fi\\\/en\\\/accommodation\\\/cottages\\\/#primaryimage\"},\"thumbnailUrl\":\"https:\\\/\\\/hilltophotelisosyote.fi\\\/wp-content\\\/uploads\\\/2026\\\/02\\\/tunturimokki3.jpg\",\"datePublished\":\"2026-02-02T11:48:16+00:00\",\"dateModified\":\"2026-03-18T12:01:00+00:00\",\"description\":\"Stay in cozy cottages at Hilltop Hotel Iso-Sy\u00f6te in Finnish Lapland. Choose from Hilltop Cottages, Kelo log cabins and the Meht\u00e4tuuva cottage surrounded by Arctic nature.\",\"breadcrumb\":{\"@id\":\"https:\\\/\\\/hilltophotelisosyote.fi\\\/en\\\/accommodation\\\/cottages\\\/#breadcrumb\"},\"inLanguage\":\"en-US\",\"potentialAction\":[{\"@type\":\"ReadAction\",\"target\":[\"https:\\\/\\\/hilltophotelisosyote.fi\\\/en\\\/accommodation\\\/cottages\\\/\"]}]},{\"@type\":\"ImageObject\",\"inLanguage\":\"en-US\",\"@id\":\"https:\\\/\\\/hilltophotelisosyote.fi\\\/en\\\/accommodation\\\/cottages\\\/#primaryimage\",\"url\":\"https:\\\/\\\/hilltophotelisosyote.fi\\\/wp-content\\\/uploads\\\/2026\\\/02\\\/tunturimokki3.jpg\",\"contentUrl\":\"https:\\\/\\\/hilltophotelisosyote.fi\\\/wp-content\\\/uploads\\\/2026\\\/02\\\/tunturimokki3.jpg\",\"width\":2000,\"height\":1150,\"caption\":\"Hilltop Cottages at Hilltop Hotel Iso-Sy\u00f6te, spacious fell-top cottage accommodation in Finnish Lapland\"},{\"@type\":\"BreadcrumbList\",\"@id\":\"https:\\\/\\\/hilltophotelisosyote.fi\\\/en\\\/accommodation\\\/cottages\\\/#breadcrumb\",\"itemListElement\":[{\"@type\":\"ListItem\",\"position\":1,\"name\":\"Etusivu\",\"item\":\"https:\\\/\\\/hilltophotelisosyote.fi\\\/en\\\/\"},{\"@type\":\"ListItem\",\"position\":2,\"name\":\"Accommodation\",\"item\":\"https:\\\/\\\/hilltophotelisosyote.fi\\\/en\\\/accommodation\\\/\"},{\"@type\":\"ListItem\",\"position\":3,\"name\":\"Cottages\"}]},{\"@type\":\"WebSite\",\"@id\":\"https:\\\/\\\/hilltophotelisosyote.fi\\\/en\\\/#website\",\"url\":\"https:\\\/\\\/hilltophotelisosyote.fi\\\/en\\\/\",\"name\":\"Hilltop Hotel Iso-Sy\u00f6te\",\"description\":\"Rise Above the Ordinary!\",\"publisher\":{\"@id\":\"https:\\\/\\\/hilltophotelisosyote.fi\\\/en\\\/#organization\"},\"potentialAction\":[{\"@type\":\"SearchAction\",\"target\":{\"@type\":\"EntryPoint\",\"urlTemplate\":\"https:\\\/\\\/hilltophotelisosyote.fi\\\/en\\\/?s={search_term_string}\"},\"query-input\":{\"@type\":\"PropertyValueSpecification\",\"valueRequired\":true,\"valueName\":\"search_term_string\"}}],\"inLanguage\":\"en-US\"},{\"@type\":[\"Organization\",\"Place\"],\"@id\":\"https:\\\/\\\/hilltophotelisosyote.fi\\\/en\\\/#organization\",\"name\":\"Hilltop Hotel Iso-Sy\u00f6te\",\"url\":\"https:\\\/\\\/hilltophotelisosyote.fi\\\/en\\\/\",\"logo\":{\"@id\":\"https:\\\/\\\/hilltophotelisosyote.fi\\\/en\\\/accommodation\\\/cottages\\\/#local-main-organization-logo\"},\"image\":{\"@id\":\"https:\\\/\\\/hilltophotelisosyote.fi\\\/en\\\/accommodation\\\/cottages\\\/#local-main-organization-logo\"},\"sameAs\":[\"https:\\\/\\\/www.facebook.com\\\/Hotel.Isosyote\\\/\",\"https:\\\/\\\/www.instagram.com\\\/hotel.isosyote\\\/\",\"https:\\\/\\\/www.tripadvisor.fi\\\/Hotel_Review-g1370502-d633303-Reviews-Hotel_Iso_Syote-Iso_Syote_Lapland.html\"],\"telephone\":[],\"openingHoursSpecification\":[{\"@type\":\"OpeningHoursSpecification\",\"dayOfWeek\":[\"Monday\",\"Tuesday\",\"Wednesday\",\"Thursday\",\"Friday\",\"Saturday\",\"Sunday\"],\"opens\":\"09:00\",\"closes\":\"17:00\"}]},{\"@type\":\"ImageObject\",\"inLanguage\":\"en-US\",\"@id\":\"https:\\\/\\\/hilltophotelisosyote.fi\\\/en\\\/accommodation\\\/cottages\\\/#local-main-organization-logo\",\"url\":\"https:\\\/\\\/hilltophotelisosyote.fi\\\/wp-content\\\/uploads\\\/2026\\\/01\\\/Hilltop_hotel_isosyote_3lines.png\",\"contentUrl\":\"https:\\\/\\\/hilltophotelisosyote.fi\\\/wp-content\\\/uploads\\\/2026\\\/01\\\/Hilltop_hotel_isosyote_3lines.png\",\"width\":800,\"height\":800,\"caption\":\"Hilltop Hotel Iso-Sy\u00f6te\"}]}<\/script>\n<!-- \/ Yoast SEO Premium plugin. -->","yoast_head_json":{"title":"Cottages in Iso-Sy\u00f6te \u2013 Hilltop Hotel Iso-Sy\u00f6te | Lapland Finland","description":"Stay in cozy cottages at Hilltop Hotel Iso-Sy\u00f6te in Finnish Lapland. Choose from Hilltop Cottages, Kelo log cabins and the Meht\u00e4tuuva cottage surrounded by Arctic nature.","robots":{"index":"index","follow":"follow","max-snippet":"max-snippet:-1","max-image-preview":"max-image-preview:large","max-video-preview":"max-video-preview:-1"},"canonical":"https:\/\/hilltophotelisosyote.fi\/en\/accommodation\/cottages\/","og_locale":"en_US","og_type":"article","og_title":"Cottages","og_description":"Stay in cozy cottages at Hilltop Hotel Iso-Sy\u00f6te in Finnish Lapland. Choose from Hilltop Cottages, Kelo log cabins and the Meht\u00e4tuuva cottage surrounded by Arctic nature.","og_url":"https:\/\/hilltophotelisosyote.fi\/en\/accommodation\/cottages\/","og_site_name":"Hilltop Hotel Iso-Sy\u00f6te","article_publisher":"https:\/\/www.facebook.com\/Hotel.Isosyote\/","article_modified_time":"2026-03-18T12:01:00+00:00","og_image":[{"width":2000,"height":1150,"url":"https:\/\/hilltophotelisosyote.fi\/wp-content\/uploads\/2026\/02\/tunturimokki3.jpg","type":"image\/jpeg"}],"twitter_card":"summary_large_image","twitter_misc":{"Est. reading time":"2 minutes"},"schema":{"@context":"https:\/\/schema.org","@graph":[{"@type":"WebPage","@id":"https:\/\/hilltophotelisosyote.fi\/en\/accommodation\/cottages\/","url":"https:\/\/hilltophotelisosyote.fi\/en\/accommodation\/cottages\/","name":"Cottages in Iso-Sy\u00f6te \u2013 Hilltop Hotel Iso-Sy\u00f6te | Lapland Finland","isPartOf":{"@id":"https:\/\/hilltophotelisosyote.fi\/en\/#website"},"primaryImageOfPage":{"@id":"https:\/\/hilltophotelisosyote.fi\/en\/accommodation\/cottages\/#primaryimage"},"image":{"@id":"https:\/\/hilltophotelisosyote.fi\/en\/accommodation\/cottages\/#primaryimage"},"thumbnailUrl":"https:\/\/hilltophotelisosyote.fi\/wp-content\/uploads\/2026\/02\/tunturimokki3.jpg","datePublished":"2026-02-02T11:48:16+00:00","dateModified":"2026-03-18T12:01:00+00:00","description":"Stay in cozy cottages at Hilltop Hotel Iso-Sy\u00f6te in Finnish Lapland. Choose from Hilltop Cottages, Kelo log cabins and the Meht\u00e4tuuva cottage surrounded by Arctic nature.","breadcrumb":{"@id":"https:\/\/hilltophotelisosyote.fi\/en\/accommodation\/cottages\/#breadcrumb"},"inLanguage":"en-US","potentialAction":[{"@type":"ReadAction","target":["https:\/\/hilltophotelisosyote.fi\/en\/accommodation\/cottages\/"]}]},{"@type":"ImageObject","inLanguage":"en-US","@id":"https:\/\/hilltophotelisosyote.fi\/en\/accommodation\/cottages\/#primaryimage","url":"https:\/\/hilltophotelisosyote.fi\/wp-content\/uploads\/2026\/02\/tunturimokki3.jpg","contentUrl":"https:\/\/hilltophotelisosyote.fi\/wp-content\/uploads\/2026\/02\/tunturimokki3.jpg","width":2000,"height":1150,"caption":"Hilltop Cottages at Hilltop Hotel Iso-Sy\u00f6te, spacious fell-top cottage accommodation in Finnish Lapland"},{"@type":"BreadcrumbList","@id":"https:\/\/hilltophotelisosyote.fi\/en\/accommodation\/cottages\/#breadcrumb","itemListElement":[{"@type":"ListItem","position":1,"name":"Etusivu","item":"https:\/\/hilltophotelisosyote.fi\/en\/"},{"@type":"ListItem","position":2,"name":"Accommodation","item":"https:\/\/hilltophotelisosyote.fi\/en\/accommodation\/"},{"@type":"ListItem","position":3,"name":"Cottages"}]},{"@type":"WebSite","@id":"https:\/\/hilltophotelisosyote.fi\/en\/#website","url":"https:\/\/hilltophotelisosyote.fi\/en\/","name":"Hilltop Hotel Iso-Sy\u00f6te","description":"Rise Above the Ordinary!","publisher":{"@id":"https:\/\/hilltophotelisosyote.fi\/en\/#organization"},"potentialAction":[{"@type":"SearchAction","target":{"@type":"EntryPoint","urlTemplate":"https:\/\/hilltophotelisosyote.fi\/en\/?s={search_term_string}"},"query-input":{"@type":"PropertyValueSpecification","valueRequired":true,"valueName":"search_term_string"}}],"inLanguage":"en-US"},{"@type":["Organization","Place"],"@id":"https:\/\/hilltophotelisosyote.fi\/en\/#organization","name":"Hilltop Hotel Iso-Sy\u00f6te","url":"https:\/\/hilltophotelisosyote.fi\/en\/","logo":{"@id":"https:\/\/hilltophotelisosyote.fi\/en\/accommodation\/cottages\/#local-main-organization-logo"},"image":{"@id":"https:\/\/hilltophotelisosyote.fi\/en\/accommodation\/cottages\/#local-main-organization-logo"},"sameAs":["https:\/\/www.facebook.com\/Hotel.Isosyote\/","https:\/\/www.instagram.com\/hotel.isosyote\/","https:\/\/www.tripadvisor.fi\/Hotel_Review-g1370502-d633303-Reviews-Hotel_Iso_Syote-Iso_Syote_Lapland.html"],"telephone":[],"openingHoursSpecification":[{"@type":"OpeningHoursSpecification","dayOfWeek":["Monday","Tuesday","Wednesday","Thursday","Friday","Saturday","Sunday"],"opens":"09:00","closes":"17:00"}]},{"@type":"ImageObject","inLanguage":"en-US","@id":"https:\/\/hilltophotelisosyote.fi\/en\/accommodation\/cottages\/#local-main-organization-logo","url":"https:\/\/hilltophotelisosyote.fi\/wp-content\/uploads\/2026\/01\/Hilltop_hotel_isosyote_3lines.png","contentUrl":"https:\/\/hilltophotelisosyote.fi\/wp-content\/uploads\/2026\/01\/Hilltop_hotel_isosyote_3lines.png","width":800,"height":800,"caption":"Hilltop Hotel Iso-Sy\u00f6te"}]}},"_links":{"self":[{"href":"https:\/\/hilltophotelisosyote.fi\/en\/wp-json\/wp\/v2\/pages\/1780","targetHints":{"allow":["GET"]}}],"collection":[{"href":"https:\/\/hilltophotelisosyote.fi\/en\/wp-json\/wp\/v2\/pages"}],"about":[{"href":"https:\/\/hilltophotelisosyote.fi\/en\/wp-json\/wp\/v2\/types\/page"}],"author":[{"embeddable":true,"href":"https:\/\/hilltophotelisosyote.fi\/en\/wp-json\/wp\/v2\/users\/1"}],"replies":[{"embeddable":true,"href":"https:\/\/hilltophotelisosyote.fi\/en\/wp-json\/wp\/v2\/comments?post=1780"}],"version-history":[{"count":29,"href":"https:\/\/hilltophotelisosyote.fi\/en\/wp-json\/wp\/v2\/pages\/1780\/revisions"}],"predecessor-version":[{"id":3244,"href":"https:\/\/hilltophotelisosyote.fi\/en\/wp-json\/wp\/v2\/pages\/1780\/revisions\/3244"}],"up":[{"embeddable":true,"href":"https:\/\/hilltophotelisosyote.fi\/en\/wp-json\/wp\/v2\/pages\/1759"}],"wp:featuredmedia":[{"embeddable":true,"href":"https:\/\/hilltophotelisosyote.fi\/en\/wp-json\/wp\/v2\/media\/1783"}],"wp:attachment":[{"href":"https:\/\/hilltophotelisosyote.fi\/en\/wp-json\/wp\/v2\/media?parent=1780"}],"curies":[{"name":"wp","href":"https:\/\/api.w.org\/{rel}","templated":true}]}}