{"id":1851,"date":"2026-02-11T12:54:44","date_gmt":"2026-02-11T10:54:44","guid":{"rendered":"https:\/\/hilltophotelisosyote.fi\/kierratys\/"},"modified":"2026-02-18T14:17:24","modified_gmt":"2026-02-18T12:17:24","slug":"recycling","status":"publish","type":"page","link":"https:\/\/hilltophotelisosyote.fi\/en\/recycling\/","title":{"rendered":"Recycling"},"content":{"rendered":"\n<h3 class=\"wp-block-heading\" id=\"Hotelroomsandsuites\">Hotellihuoneet\u00a0ja sviitit<\/h3>\n\n\n\n<p>Huoneiden j\u00e4teastiat on jaettu kolmeen osioon:<\/p>\n\n\n\n<ol class=\"wp-block-list\">\n<li><strong>Bioj\u00e4te (bio):<\/strong>\u00a0T\u00e4h\u00e4n astiaan lajitellaan eloper\u00e4iset j\u00e4tteet, kuten ruoant\u00e4hteet ja kasvij\u00e4tteet. Bioj\u00e4tteet voidaan kompostoida, mik\u00e4 on ekologinen tapa v\u00e4hent\u00e4\u00e4 j\u00e4tteiden m\u00e4\u00e4r\u00e4\u00e4 ja tuottaa ravinteikasta multaa kasveille.<\/li>\n\n\n\n<li><strong>Sekaj\u00e4te (mixed):<\/strong>\u00a0Sekaj\u00e4teastiaan kuuluvat j\u00e4tteet, joita ei voi kierr\u00e4tt\u00e4\u00e4 muilla tavoilla, kuten esimerkiksi muovik\u00e4\u00e4reet, rikkin\u00e4iset esineet ja muut ei-kierr\u00e4tett\u00e4v\u00e4t j\u00e4tteet.<\/li>\n\n\n\n<li><strong>Paperi (paper):<\/strong>\u00a0T\u00e4h\u00e4n astiaan kuuluvat kaikki paperij\u00e4tteet, kuten sanomalehdet, aikakauslehdet ja k\u00e4ytetyt paperipyyhkeet. Kierr\u00e4tt\u00e4m\u00e4ll\u00e4 paperij\u00e4tteet voimme s\u00e4\u00e4st\u00e4\u00e4 arvokkaita luonnonvaroja ja v\u00e4hent\u00e4\u00e4 puunhakkuun tarvetta.<\/li>\n<\/ol>\n\n\n\n<p>Pullot, t\u00f6lkit ja paristot voi j\u00e4tt\u00e4\u00e4 m\u00f6kin p\u00f6yd\u00e4lle.<\/p>\n\n\n\n<h3 class=\"wp-block-heading\">Tunturim\u00f6kit<\/h3>\n\n\n\n<p><strong>Tunturim\u00f6kkien j\u00e4tteiden kierr\u00e4tyspiste<\/strong>&nbsp;on T1B-m\u00f6kin oikealla puolella.<\/p>\n\n\n\n<p>Tunturim\u00f6kin allaskaapissa on j\u00e4teastiat sekaj\u00e4tteelle ja bioj\u00e4tteelle. Portaiden alta l\u00f6ytyy lajitteluastia paperille, lasille ja metallille.<\/p>\n\n\n\n<ol class=\"wp-block-list\">\n<li><strong>Bioj\u00e4te (bio):<\/strong>\u00a0T\u00e4h\u00e4n astiaan lajitellaan eloper\u00e4iset j\u00e4tteet, kuten ruoant\u00e4hteet ja kasvij\u00e4tteet. Bioj\u00e4tteet voidaan kompostoida, mik\u00e4 on ekologinen tapa v\u00e4hent\u00e4\u00e4 j\u00e4tteiden m\u00e4\u00e4r\u00e4\u00e4 ja tuottaa ravinteikasta multaa kasveille.<\/li>\n\n\n\n<li><strong>Sekaj\u00e4te (mixed):<\/strong>\u00a0Sekaj\u00e4teastiaan kuuluvat j\u00e4tteet, joita ei voi kierr\u00e4tt\u00e4\u00e4 muilla tavoilla, kuten esimerkiksi muovik\u00e4\u00e4reet, rikkin\u00e4iset esineet ja muut ei-kierr\u00e4tett\u00e4v\u00e4t j\u00e4tteet.<\/li>\n\n\n\n<li><strong>Paperi (paper):<\/strong>\u00a0T\u00e4h\u00e4n astiaan kuuluvat kaikki paperij\u00e4tteet, kuten sanomalehdet, aikakauslehdet ja k\u00e4ytetyt paperipyyhkeet. Kierr\u00e4tt\u00e4m\u00e4ll\u00e4 paperij\u00e4tteet voimme s\u00e4\u00e4st\u00e4\u00e4 arvokkaita luonnonvaroja ja v\u00e4hent\u00e4\u00e4 puunhakkuun tarvetta.<\/li>\n\n\n\n<li><strong>Las<\/strong>i: T\u00e4h\u00e4n astiaan kuuluvat lasipullot ja lasiastiat. Juomalasit puolestaan kuuluvat sekaj\u00e4tteeseen.<\/li>\n\n\n\n<li><strong>Metalli<\/strong>: Kierr\u00e4tett\u00e4v\u00e4 metalleja ovat esim. pelti, alumiini, ter\u00e4s ja kupari.<\/li>\n<\/ol>\n\n\n\n<p>Pullot, t\u00f6lkit ja paristot voi j\u00e4tt\u00e4\u00e4 m\u00f6kin p\u00f6yd\u00e4lle.<\/p>\n\n\n\n<h3 class=\"wp-block-heading\">Kelom\u00f6kit<\/h3>\n\n\n\n<p><strong>Kelom\u00f6kkien j\u00e4tteiden kierr\u00e4tyspiste&nbsp;<\/strong>Mets\u00e4sy\u00f6tteentien alkup\u00e4\u00e4ss\u00e4.<strong>&nbsp;<\/strong>Kierr\u00e4tyspisteen avain on tuulikaapissa, palautathan avaimen paikoilleen.<\/p>\n\n\n\n<p>Kelom\u00f6kiss\u00e4 on lajitteluastia bioj\u00e4tteelle, sekaj\u00e4tteelle ja paperille:<\/p>\n\n\n\n<ol class=\"wp-block-list\">\n<li><strong>Bioj\u00e4te (bio):<\/strong>\u00a0T\u00e4h\u00e4n astiaan lajitellaan eloper\u00e4iset j\u00e4tteet, kuten ruoant\u00e4hteet ja kasvij\u00e4tteet. Bioj\u00e4tteet voidaan kompostoida, mik\u00e4 on ekologinen tapa v\u00e4hent\u00e4\u00e4 j\u00e4tteiden m\u00e4\u00e4r\u00e4\u00e4 ja tuottaa ravinteikasta multaa kasveille.<\/li>\n\n\n\n<li><strong>Sekaj\u00e4te (mixed):<\/strong>\u00a0Sekaj\u00e4teastiaan kuuluvat j\u00e4tteet, joita ei voi kierr\u00e4tt\u00e4\u00e4 muilla tavoilla, kuten esimerkiksi muovik\u00e4\u00e4reet, rikkin\u00e4iset esineet ja muut ei-kierr\u00e4tett\u00e4v\u00e4t j\u00e4tteet.<\/li>\n\n\n\n<li><strong>Paperi (paper):<\/strong>\u00a0T\u00e4h\u00e4n astiaan kuuluvat kaikki paperij\u00e4tteet, kuten sanomalehdet, aikakauslehdet ja k\u00e4ytetyt paperipyyhkeet. Kierr\u00e4tt\u00e4m\u00e4ll\u00e4 paperij\u00e4tteet voimme s\u00e4\u00e4st\u00e4\u00e4 arvokkaita luonnonvaroja ja v\u00e4hent\u00e4\u00e4 puunhakkuun tarvetta.<\/li>\n<\/ol>\n\n\n\n<p>Pullot, t\u00f6lkit ja paristot voit j\u00e4tt\u00e4\u00e4 m\u00f6kin p\u00f6yd\u00e4lle.<\/p>\n\n\n\n<h3 class=\"wp-block-heading\">Kierr\u00e4tyksest\u00e4<\/h3>\n\n\n\n<p>Toistaiseksi alueellamme ei ker\u00e4t\u00e4 muovij\u00e4tett\u00e4.<\/p>\n\n\n\n<p>Ravintola Hilltopissa ker\u00e4t\u00e4\u00e4n my\u00f6s bioj\u00e4tett\u00e4.<\/p>\n\n\n\n<p>Kiitos teille kaikille, jotka osallistutte n\u00e4ihin ymp\u00e4rist\u00f6toimiin. Pienill\u00e4 teoilla ja oikealla j\u00e4tehuollolla voimme kaikki tehd\u00e4 osamme&nbsp;<a href=\"https:\/\/hotelli-isosyote.fi\/meidan-tarina-ja-uutiset\/ymparistovastuu\/\">puhtaamman ymp\u00e4rist\u00f6n puolesta<\/a>!<\/p>\n","protected":false},"excerpt":{"rendered":"<p>Hotellihuoneet\u00a0ja sviitit Huoneiden j\u00e4teastiat on jaettu kolmeen osioon: Pullot, t\u00f6lkit ja paristot voi j\u00e4tt\u00e4\u00e4 m\u00f6kin p\u00f6yd\u00e4lle. Tunturim\u00f6kit Tunturim\u00f6kkien j\u00e4tteiden kierr\u00e4tyspiste&nbsp;on T1B-m\u00f6kin oikealla puolella. Tunturim\u00f6kin allaskaapissa on j\u00e4teastiat sekaj\u00e4tteelle ja bioj\u00e4tteelle. Portaiden alta l\u00f6ytyy lajitteluastia paperille, lasille ja metallille. Pullot, t\u00f6lkit ja paristot voi j\u00e4tt\u00e4\u00e4 m\u00f6kin p\u00f6yd\u00e4lle. Kelom\u00f6kit Kelom\u00f6kkien j\u00e4tteiden kierr\u00e4tyspiste&nbsp;Mets\u00e4sy\u00f6tteentien alkup\u00e4\u00e4ss\u00e4.&nbsp;Kierr\u00e4tyspisteen avain on tuulikaapissa, palautathan [&hellip;]<\/p>\n","protected":false},"author":1,"featured_media":1849,"parent":0,"menu_order":0,"comment_status":"closed","ping_status":"closed","template":"","meta":{"_acf_changed":false,"footnotes":""},"class_list":["post-1851","page","type-page","status-publish","has-post-thumbnail","hentry"],"acf":[],"yoast_head":"<!-- This site is optimized with the Yoast SEO Premium plugin v27.4 (Yoast SEO v27.4) - https:\/\/yoast.com\/product\/yoast-seo-premium-wordpress\/ -->\n<title>Recycling - Hilltop Hotel Iso-Sy\u00f6te<\/title>\n<meta name=\"robots\" content=\"index, follow, max-snippet:-1, max-image-preview:large, max-video-preview:-1\" \/>\n<link rel=\"canonical\" href=\"https:\/\/hilltophotelisosyote.fi\/en\/recycling\/\" \/>\n<meta property=\"og:locale\" content=\"en_US\" \/>\n<meta property=\"og:type\" content=\"article\" \/>\n<meta property=\"og:title\" content=\"Recycling\" \/>\n<meta property=\"og:description\" content=\"Hotellihuoneet\u00a0ja sviitit Huoneiden j\u00e4teastiat on jaettu kolmeen osioon: Pullot, t\u00f6lkit ja paristot voi j\u00e4tt\u00e4\u00e4 m\u00f6kin p\u00f6yd\u00e4lle. Tunturim\u00f6kit Tunturim\u00f6kkien j\u00e4tteiden kierr\u00e4tyspiste&nbsp;on T1B-m\u00f6kin oikealla puolella. Tunturim\u00f6kin allaskaapissa on j\u00e4teastiat sekaj\u00e4tteelle ja bioj\u00e4tteelle. Portaiden alta l\u00f6ytyy lajitteluastia paperille, lasille ja metallille. Pullot, t\u00f6lkit ja paristot voi j\u00e4tt\u00e4\u00e4 m\u00f6kin p\u00f6yd\u00e4lle. Kelom\u00f6kit Kelom\u00f6kkien j\u00e4tteiden kierr\u00e4tyspiste&nbsp;Mets\u00e4sy\u00f6tteentien alkup\u00e4\u00e4ss\u00e4.&nbsp;Kierr\u00e4tyspisteen avain on tuulikaapissa, palautathan [&hellip;]\" \/>\n<meta property=\"og:url\" content=\"https:\/\/hilltophotelisosyote.fi\/en\/recycling\/\" \/>\n<meta property=\"og:site_name\" content=\"Hilltop Hotel Iso-Sy\u00f6te\" \/>\n<meta property=\"article:publisher\" content=\"https:\/\/www.facebook.com\/Hotel.Isosyote\/\" \/>\n<meta property=\"article:modified_time\" content=\"2026-02-18T12:17:24+00:00\" \/>\n<meta property=\"og:image\" content=\"https:\/\/hilltophotelisosyote.fi\/wp-content\/uploads\/2026\/02\/kelomokkikyla-talvi-mokkikyla.jpg\" \/>\n\t<meta property=\"og:image:width\" content=\"2000\" \/>\n\t<meta property=\"og:image:height\" content=\"1150\" \/>\n\t<meta property=\"og:image:type\" content=\"image\/jpeg\" \/>\n<meta name=\"twitter:card\" content=\"summary_large_image\" \/>\n<meta name=\"twitter:label1\" content=\"Est. reading time\" \/>\n\t<meta name=\"twitter:data1\" content=\"3 minutes\" \/>\n<script type=\"application\/ld+json\" class=\"yoast-schema-graph\">{\"@context\":\"https:\\\/\\\/schema.org\",\"@graph\":[{\"@type\":\"WebPage\",\"@id\":\"https:\\\/\\\/hilltophotelisosyote.fi\\\/en\\\/recycling\\\/\",\"url\":\"https:\\\/\\\/hilltophotelisosyote.fi\\\/en\\\/recycling\\\/\",\"name\":\"Recycling - Hilltop Hotel Iso-Sy\u00f6te\",\"isPartOf\":{\"@id\":\"https:\\\/\\\/hilltophotelisosyote.fi\\\/en\\\/#website\"},\"primaryImageOfPage\":{\"@id\":\"https:\\\/\\\/hilltophotelisosyote.fi\\\/en\\\/recycling\\\/#primaryimage\"},\"image\":{\"@id\":\"https:\\\/\\\/hilltophotelisosyote.fi\\\/en\\\/recycling\\\/#primaryimage\"},\"thumbnailUrl\":\"https:\\\/\\\/hilltophotelisosyote.fi\\\/wp-content\\\/uploads\\\/2026\\\/02\\\/kelomokkikyla-talvi-mokkikyla.jpg\",\"datePublished\":\"2026-02-11T10:54:44+00:00\",\"dateModified\":\"2026-02-18T12:17:24+00:00\",\"breadcrumb\":{\"@id\":\"https:\\\/\\\/hilltophotelisosyote.fi\\\/en\\\/recycling\\\/#breadcrumb\"},\"inLanguage\":\"en-US\",\"potentialAction\":[{\"@type\":\"ReadAction\",\"target\":[\"https:\\\/\\\/hilltophotelisosyote.fi\\\/en\\\/recycling\\\/\"]}]},{\"@type\":\"ImageObject\",\"inLanguage\":\"en-US\",\"@id\":\"https:\\\/\\\/hilltophotelisosyote.fi\\\/en\\\/recycling\\\/#primaryimage\",\"url\":\"https:\\\/\\\/hilltophotelisosyote.fi\\\/wp-content\\\/uploads\\\/2026\\\/02\\\/kelomokkikyla-talvi-mokkikyla.jpg\",\"contentUrl\":\"https:\\\/\\\/hilltophotelisosyote.fi\\\/wp-content\\\/uploads\\\/2026\\\/02\\\/kelomokkikyla-talvi-mokkikyla.jpg\",\"width\":2000,\"height\":1150},{\"@type\":\"BreadcrumbList\",\"@id\":\"https:\\\/\\\/hilltophotelisosyote.fi\\\/en\\\/recycling\\\/#breadcrumb\",\"itemListElement\":[{\"@type\":\"ListItem\",\"position\":1,\"name\":\"Etusivu\",\"item\":\"https:\\\/\\\/hilltophotelisosyote.fi\\\/en\\\/\"},{\"@type\":\"ListItem\",\"position\":2,\"name\":\"Recycling\"}]},{\"@type\":\"WebSite\",\"@id\":\"https:\\\/\\\/hilltophotelisosyote.fi\\\/en\\\/#website\",\"url\":\"https:\\\/\\\/hilltophotelisosyote.fi\\\/en\\\/\",\"name\":\"Hilltop Hotel Iso-Sy\u00f6te\",\"description\":\"Rise Above the Ordinary!\",\"publisher\":{\"@id\":\"https:\\\/\\\/hilltophotelisosyote.fi\\\/en\\\/#organization\"},\"potentialAction\":[{\"@type\":\"SearchAction\",\"target\":{\"@type\":\"EntryPoint\",\"urlTemplate\":\"https:\\\/\\\/hilltophotelisosyote.fi\\\/en\\\/?s={search_term_string}\"},\"query-input\":{\"@type\":\"PropertyValueSpecification\",\"valueRequired\":true,\"valueName\":\"search_term_string\"}}],\"inLanguage\":\"en-US\"},{\"@type\":[\"Organization\",\"Place\"],\"@id\":\"https:\\\/\\\/hilltophotelisosyote.fi\\\/en\\\/#organization\",\"name\":\"Hilltop Hotel Iso-Sy\u00f6te\",\"url\":\"https:\\\/\\\/hilltophotelisosyote.fi\\\/en\\\/\",\"logo\":{\"@id\":\"https:\\\/\\\/hilltophotelisosyote.fi\\\/en\\\/recycling\\\/#local-main-organization-logo\"},\"image\":{\"@id\":\"https:\\\/\\\/hilltophotelisosyote.fi\\\/en\\\/recycling\\\/#local-main-organization-logo\"},\"sameAs\":[\"https:\\\/\\\/www.facebook.com\\\/Hotel.Isosyote\\\/\",\"https:\\\/\\\/www.instagram.com\\\/hotel.isosyote\\\/\",\"https:\\\/\\\/www.tripadvisor.fi\\\/Hotel_Review-g1370502-d633303-Reviews-Hotel_Iso_Syote-Iso_Syote_Lapland.html\"],\"telephone\":[],\"openingHoursSpecification\":[{\"@type\":\"OpeningHoursSpecification\",\"dayOfWeek\":[\"Monday\",\"Tuesday\",\"Wednesday\",\"Thursday\",\"Friday\",\"Saturday\",\"Sunday\"],\"opens\":\"09:00\",\"closes\":\"17:00\"}]},{\"@type\":\"ImageObject\",\"inLanguage\":\"en-US\",\"@id\":\"https:\\\/\\\/hilltophotelisosyote.fi\\\/en\\\/recycling\\\/#local-main-organization-logo\",\"url\":\"https:\\\/\\\/hilltophotelisosyote.fi\\\/wp-content\\\/uploads\\\/2026\\\/01\\\/Hilltop_hotel_isosyote_3lines.png\",\"contentUrl\":\"https:\\\/\\\/hilltophotelisosyote.fi\\\/wp-content\\\/uploads\\\/2026\\\/01\\\/Hilltop_hotel_isosyote_3lines.png\",\"width\":800,\"height\":800,\"caption\":\"Hilltop Hotel Iso-Sy\u00f6te\"}]}<\/script>\n<!-- \/ Yoast SEO Premium plugin. -->","yoast_head_json":{"title":"Recycling - Hilltop Hotel Iso-Sy\u00f6te","robots":{"index":"index","follow":"follow","max-snippet":"max-snippet:-1","max-image-preview":"max-image-preview:large","max-video-preview":"max-video-preview:-1"},"canonical":"https:\/\/hilltophotelisosyote.fi\/en\/recycling\/","og_locale":"en_US","og_type":"article","og_title":"Recycling","og_description":"Hotellihuoneet\u00a0ja sviitit Huoneiden j\u00e4teastiat on jaettu kolmeen osioon: Pullot, t\u00f6lkit ja paristot voi j\u00e4tt\u00e4\u00e4 m\u00f6kin p\u00f6yd\u00e4lle. Tunturim\u00f6kit Tunturim\u00f6kkien j\u00e4tteiden kierr\u00e4tyspiste&nbsp;on T1B-m\u00f6kin oikealla puolella. Tunturim\u00f6kin allaskaapissa on j\u00e4teastiat sekaj\u00e4tteelle ja bioj\u00e4tteelle. Portaiden alta l\u00f6ytyy lajitteluastia paperille, lasille ja metallille. Pullot, t\u00f6lkit ja paristot voi j\u00e4tt\u00e4\u00e4 m\u00f6kin p\u00f6yd\u00e4lle. Kelom\u00f6kit Kelom\u00f6kkien j\u00e4tteiden kierr\u00e4tyspiste&nbsp;Mets\u00e4sy\u00f6tteentien alkup\u00e4\u00e4ss\u00e4.&nbsp;Kierr\u00e4tyspisteen avain on tuulikaapissa, palautathan [&hellip;]","og_url":"https:\/\/hilltophotelisosyote.fi\/en\/recycling\/","og_site_name":"Hilltop Hotel Iso-Sy\u00f6te","article_publisher":"https:\/\/www.facebook.com\/Hotel.Isosyote\/","article_modified_time":"2026-02-18T12:17:24+00:00","og_image":[{"width":2000,"height":1150,"url":"https:\/\/hilltophotelisosyote.fi\/wp-content\/uploads\/2026\/02\/kelomokkikyla-talvi-mokkikyla.jpg","type":"image\/jpeg"}],"twitter_card":"summary_large_image","twitter_misc":{"Est. reading time":"3 minutes"},"schema":{"@context":"https:\/\/schema.org","@graph":[{"@type":"WebPage","@id":"https:\/\/hilltophotelisosyote.fi\/en\/recycling\/","url":"https:\/\/hilltophotelisosyote.fi\/en\/recycling\/","name":"Recycling - Hilltop Hotel Iso-Sy\u00f6te","isPartOf":{"@id":"https:\/\/hilltophotelisosyote.fi\/en\/#website"},"primaryImageOfPage":{"@id":"https:\/\/hilltophotelisosyote.fi\/en\/recycling\/#primaryimage"},"image":{"@id":"https:\/\/hilltophotelisosyote.fi\/en\/recycling\/#primaryimage"},"thumbnailUrl":"https:\/\/hilltophotelisosyote.fi\/wp-content\/uploads\/2026\/02\/kelomokkikyla-talvi-mokkikyla.jpg","datePublished":"2026-02-11T10:54:44+00:00","dateModified":"2026-02-18T12:17:24+00:00","breadcrumb":{"@id":"https:\/\/hilltophotelisosyote.fi\/en\/recycling\/#breadcrumb"},"inLanguage":"en-US","potentialAction":[{"@type":"ReadAction","target":["https:\/\/hilltophotelisosyote.fi\/en\/recycling\/"]}]},{"@type":"ImageObject","inLanguage":"en-US","@id":"https:\/\/hilltophotelisosyote.fi\/en\/recycling\/#primaryimage","url":"https:\/\/hilltophotelisosyote.fi\/wp-content\/uploads\/2026\/02\/kelomokkikyla-talvi-mokkikyla.jpg","contentUrl":"https:\/\/hilltophotelisosyote.fi\/wp-content\/uploads\/2026\/02\/kelomokkikyla-talvi-mokkikyla.jpg","width":2000,"height":1150},{"@type":"BreadcrumbList","@id":"https:\/\/hilltophotelisosyote.fi\/en\/recycling\/#breadcrumb","itemListElement":[{"@type":"ListItem","position":1,"name":"Etusivu","item":"https:\/\/hilltophotelisosyote.fi\/en\/"},{"@type":"ListItem","position":2,"name":"Recycling"}]},{"@type":"WebSite","@id":"https:\/\/hilltophotelisosyote.fi\/en\/#website","url":"https:\/\/hilltophotelisosyote.fi\/en\/","name":"Hilltop Hotel Iso-Sy\u00f6te","description":"Rise Above the Ordinary!","publisher":{"@id":"https:\/\/hilltophotelisosyote.fi\/en\/#organization"},"potentialAction":[{"@type":"SearchAction","target":{"@type":"EntryPoint","urlTemplate":"https:\/\/hilltophotelisosyote.fi\/en\/?s={search_term_string}"},"query-input":{"@type":"PropertyValueSpecification","valueRequired":true,"valueName":"search_term_string"}}],"inLanguage":"en-US"},{"@type":["Organization","Place"],"@id":"https:\/\/hilltophotelisosyote.fi\/en\/#organization","name":"Hilltop Hotel Iso-Sy\u00f6te","url":"https:\/\/hilltophotelisosyote.fi\/en\/","logo":{"@id":"https:\/\/hilltophotelisosyote.fi\/en\/recycling\/#local-main-organization-logo"},"image":{"@id":"https:\/\/hilltophotelisosyote.fi\/en\/recycling\/#local-main-organization-logo"},"sameAs":["https:\/\/www.facebook.com\/Hotel.Isosyote\/","https:\/\/www.instagram.com\/hotel.isosyote\/","https:\/\/www.tripadvisor.fi\/Hotel_Review-g1370502-d633303-Reviews-Hotel_Iso_Syote-Iso_Syote_Lapland.html"],"telephone":[],"openingHoursSpecification":[{"@type":"OpeningHoursSpecification","dayOfWeek":["Monday","Tuesday","Wednesday","Thursday","Friday","Saturday","Sunday"],"opens":"09:00","closes":"17:00"}]},{"@type":"ImageObject","inLanguage":"en-US","@id":"https:\/\/hilltophotelisosyote.fi\/en\/recycling\/#local-main-organization-logo","url":"https:\/\/hilltophotelisosyote.fi\/wp-content\/uploads\/2026\/01\/Hilltop_hotel_isosyote_3lines.png","contentUrl":"https:\/\/hilltophotelisosyote.fi\/wp-content\/uploads\/2026\/01\/Hilltop_hotel_isosyote_3lines.png","width":800,"height":800,"caption":"Hilltop Hotel Iso-Sy\u00f6te"}]}},"_links":{"self":[{"href":"https:\/\/hilltophotelisosyote.fi\/en\/wp-json\/wp\/v2\/pages\/1851","targetHints":{"allow":["GET"]}}],"collection":[{"href":"https:\/\/hilltophotelisosyote.fi\/en\/wp-json\/wp\/v2\/pages"}],"about":[{"href":"https:\/\/hilltophotelisosyote.fi\/en\/wp-json\/wp\/v2\/types\/page"}],"author":[{"embeddable":true,"href":"https:\/\/hilltophotelisosyote.fi\/en\/wp-json\/wp\/v2\/users\/1"}],"replies":[{"embeddable":true,"href":"https:\/\/hilltophotelisosyote.fi\/en\/wp-json\/wp\/v2\/comments?post=1851"}],"version-history":[{"count":1,"href":"https:\/\/hilltophotelisosyote.fi\/en\/wp-json\/wp\/v2\/pages\/1851\/revisions"}],"predecessor-version":[{"id":1852,"href":"https:\/\/hilltophotelisosyote.fi\/en\/wp-json\/wp\/v2\/pages\/1851\/revisions\/1852"}],"wp:featuredmedia":[{"embeddable":true,"href":"https:\/\/hilltophotelisosyote.fi\/en\/wp-json\/wp\/v2\/media\/1849"}],"wp:attachment":[{"href":"https:\/\/hilltophotelisosyote.fi\/en\/wp-json\/wp\/v2\/media?parent=1851"}],"curies":[{"name":"wp","href":"https:\/\/api.w.org\/{rel}","templated":true}]}}