{"id":2484,"date":"2026-02-02T14:56:18","date_gmt":"2026-02-02T12:56:18","guid":{"rendered":"https:\/\/hilltophotelisosyote.fi\/sesongit-tapahtumat\/"},"modified":"2026-04-27T10:26:53","modified_gmt":"2026-04-27T07:26:53","slug":"seasonal-highlights","status":"publish","type":"page","link":"https:\/\/hilltophotelisosyote.fi\/en\/seasonal-highlights\/","title":{"rendered":"Seasonal Highlights"},"content":{"rendered":"<div>Seasonal Highlights<\/div>\n<h1>at Iso-Sy\u00f6te<\/h1>\n<ul>\n<li>\n<p>        <img decoding=\"async\" src=\"\/wp-content\/uploads\/2026\/02\/Pikkujoulu-1.jpg\" alt=\"\"><\/p>\n<h3>Christmas Party Celebrations<\/h3>\n<div>\n<p>Book a cozy and atmospheric Christmas party for your group at the top of Iso-Sy\u00f6te. Enjoy delicious, high-quality cuisine and wonderful moments together.<\/p>\n<p>Christmas party table reservations must be made at least one week prior to arrival: <a href=\"mailto:myyntipalvelu@isosyote.fi\">myyntipalvelu@isosyote.fi<\/a><\/p>\n<\/div>\n<p><a href=\"https:\/\/hilltophotelisosyote.fi\/en\/seasonal-highlights\/christmas-parties\/\"><\/a><\/p>\n<\/li>\n<li>\n<p>        <img decoding=\"async\" src=\"\/wp-content\/uploads\/2026\/02\/jouluaatto.jpg\" alt=\"\"><\/p>\n<h3>Christmas Eve Dinner<\/h3>\n<div>\n<p>December 24, 2026 at 4:00 PM \u2013 seating available by reservation. <br \/>Please note: No \u00e0 la carte menu available.<\/p>\n<\/div>\n<p><a href=\"https:\/\/hilltophotelisosyote.fi\/en\/seasonal-highlights\/traditional-finnish-christmas-dinner\/\"><\/a><\/p>\n<\/li>\n<li>\n<p>        <img decoding=\"async\" src=\"\/wp-content\/uploads\/2026\/02\/Pikkujoulu-1.jpg\" alt=\"\"><\/p>\n<h3>Christmas day dinner<\/h3>\n<div>\n<p>December 25, 2026 at 4:00 PM \u2013 seating available by reservation. <br \/>Please note: No \u00e0 la carte menu available.<\/p>\n<\/div>\n<p><a href=\"https:\/\/hilltophotelisosyote.fi\/en\/seasonal-highlights\/christmas-day-dinner\/\"><\/a><\/p>\n<\/li>\n<li>\n<p>        <img decoding=\"async\" src=\"\/wp-content\/uploads\/2026\/02\/uusivuosi.jpg\" alt=\"\"><\/p>\n<h3>New Year Eve dinner<\/h3>\n<div>\n<p>December 31, 2026 at 4:00 PM \u2013 seating available by reservation. <br \/>Please note: No \u00e0 la carte menu available.<\/p>\n<\/div>\n<p><a href=\"https:\/\/hilltophotelisosyote.fi\/en\/seasonal-highlights\/new-years-eve-dinner\/\"><\/a><\/p>\n<\/li>\n<\/ul>\n<h2>Tapahtumat<\/h2>\n<div>Sy\u00f6tteell\u00e4 ja sen l\u00e4hialueella on monia mielenkiintoisia tapahtumia sek\u00e4 n\u00e4ht\u00e4vyyksi\u00e4 ja vierailukohteita. Kokosimme niihin linkit sinun hy\u00f6dyksesi.<\/p>\n<\/div>\n<p><!--more--><br \/>\n<!-- {\"type\":\"layout\",\"children\":[{\"type\":\"section\",\"props\":{\"header_transparent\":true,\"header_transparent_noplaceholder\":true,\"height\":\"viewport\",\"height_viewport\":80,\"height_viewport_offset\":true,\"image\":\"wp-content\/uploads\/2026\/02\/Ravintola-Hilltop-Maiju-Rumpunen.jpg\",\"image_effect\":\"parallax\",\"image_loading\":true,\"image_parallax_bgy\":\"-5vh,4vh\",\"image_parallax_easing\":\"1\",\"image_position\":\"center-center\",\"image_size\":\"cover\",\"image_width\":\"2560\",\"media_overlay\":\"rgba(8, 41, 58, 0.45)\",\"padding_bottom\":\"xlarge\",\"padding_top\":\"xlarge\",\"style\":\"default\",\"text_color\":\"light\",\"title_breakpoint\":\"xl\",\"title_position\":\"top-left\",\"title_rotation\":\"left\",\"vertical_align\":\"middle\",\"width\":\"large\"},\"children\":[{\"type\":\"row\",\"props\":{\"margin_bottom\":\"remove\",\"margin_top\":\"remove\"},\"children\":[{\"type\":\"column\",\"props\":{\"image_position\":\"center-center\",\"position_sticky_breakpoint\":\"m\",\"width_medium\":\"1-1\"},\"children\":[{\"type\":\"headline\",\"props\":{\"block_align\":\"center\",\"content\":\"Seasonal Highlights\",\"image_align\":\"left\",\"image_margin\":\"xsmall\",\"margin_bottom\":\"small\",\"margin_top\":\"small\",\"maxwidth\":\"xlarge\",\"text_align\":\"center\",\"title_color\":\"primary\",\"title_decoration\":\"line\",\"title_element\":\"div\",\"title_style\":\"h4\"}},{\"type\":\"headline\",\"props\":{\"block_align\":\"center\",\"content\":\"at Iso-Sy\u00f6te\",\"image_align\":\"left\",\"image_margin\":\"xsmall\",\"margin_top\":\"remove\",\"maxwidth\":\"2xlarge\",\"text_align\":\"center\",\"title_element\":\"h1\",\"title_style\":\"heading-medium\"}}]}]}],\"name\":\"Hero 12022026\"},{\"type\":\"section\",\"props\":{\"image_position\":\"center-center\",\"style\":\"default\",\"title_breakpoint\":\"xl\",\"title_position\":\"top-left\",\"title_rotation\":\"left\",\"vertical_align\":\"middle\",\"width\":\"default\"},\"children\":[{\"type\":\"row\",\"props\":{\"layout\":\"2-3,1-3\"},\"children\":[{\"type\":\"column\",\"props\":{\"image_position\":\"center-center\",\"position_sticky_breakpoint\":\"m\",\"width_medium\":\"2-3\"},\"children\":[{\"type\":\"grid\",\"props\":{\"content_column_breakpoint\":\"m\",\"content_margin\":\"small\",\"filter_align\":\"left\",\"filter_all\":true,\"filter_grid_breakpoint\":\"m\",\"filter_grid_width\":\"auto\",\"filter_position\":\"top\",\"filter_style\":\"tab\",\"grid_default\":\"1\",\"grid_medium\":\"\",\"image_align\":\"left\",\"image_expand\":true,\"image_grid_breakpoint\":\"s\",\"image_grid_width\":\"1-3\",\"image_link\":true,\"image_svg_color\":\"emphasis\",\"item_animation\":true,\"lightbox_bg_close\":true,\"link_style\":\"default\",\"link_text\":\"\",\"margin_bottom\":\"default\",\"margin_top\":\"default\",\"meta_align\":\"below-title\",\"meta_element\":\"div\",\"meta_style\":\"text-meta\",\"panel_image_no_padding\":true,\"panel_link\":true,\"panel_padding\":\"small\",\"panel_style\":\"card-default\",\"show_content\":true,\"show_hover_image\":true,\"show_hover_video\":true,\"show_image\":true,\"show_link\":true,\"show_meta\":true,\"show_title\":true,\"show_video\":true,\"title_align\":\"top\",\"title_element\":\"h3\",\"title_grid_breakpoint\":\"m\",\"title_grid_width\":\"1-2\",\"title_hover_style\":\"reset\",\"title_style\":\"h4\"},\"children\":[{\"type\":\"grid_item\",\"props\":{\"content\":\"\n\n<p>Book a cozy and atmospheric Christmas party for your group at the top of Iso-Sy\u00f6te. Enjoy delicious, high-quality cuisine and wonderful moments together.<\/p>\n\n\\n\n\n<p>Christmas party table reservations must be made at least one week prior to arrival: <a href=\\\"mailto:myyntipalvelu@isosyote.fi\\\">myyntipalvelu@isosyote.fi<\/a><\/p>\n\n\",\"image\":\"wp-content\/uploads\/2026\/02\/Pikkujoulu-1.jpg\",\"link\":\"en\/seasonal-highlights\/christmas-parties\/\",\"title\":\"Christmas Party Celebrations\"}},{\"type\":\"grid_item\",\"props\":{\"content\":\"\n\n<p>December 24, 2026 at 4:00 PM \u2013 seating available by reservation. <br \/>Please note: No \u00e0 la carte menu available.<\/p>\n\n\",\"image\":\"wp-content\/uploads\/2026\/02\/jouluaatto.jpg\",\"link\":\"en\/seasonal-highlights\/traditional-finnish-christmas-dinner\/\",\"title\":\"Christmas Eve Dinner\"}},{\"type\":\"grid_item\",\"props\":{\"content\":\"\n\n<p>December 25, 2026 at 4:00 PM \u2013 seating available by reservation. <br \/>Please note: No \u00e0 la carte menu available.<\/p>\n\n\",\"image\":\"wp-content\/uploads\/2026\/02\/Pikkujoulu-1.jpg\",\"link\":\"en\/seasonal-highlights\/christmas-day-dinner\/\",\"title\":\"Christmas day dinner\"}},{\"type\":\"grid_item\",\"props\":{\"content\":\"\n\n<p>December 31, 2026 at 4:00 PM \u2013 seating available by reservation. <br \/>Please note: No \u00e0 la carte menu available.<\/p>\n\n\",\"image\":\"wp-content\/uploads\/2026\/02\/uusivuosi.jpg\",\"link\":\"en\/seasonal-highlights\/new-years-eve-dinner\/\",\"link_aria_label\":\"Uuden vuoden illallinen\",\"title\":\"New Year Eve dinner\"}}]}]},{\"type\":\"column\",\"props\":{\"image_position\":\"center-center\",\"position_sticky_breakpoint\":\"m\",\"width_medium\":\"1-3\"},\"children\":[{\"type\":\"headline\",\"props\":{\"content\":\"Tapahtumat\",\"image_align\":\"left\",\"image_margin\":\"xsmall\",\"text_align\":\"center\",\"title_element\":\"h2\",\"title_style\":\"h2\"}},{\"type\":\"text\",\"props\":{\"column_breakpoint\":\"m\",\"content\":\"Sy\u00f6tteell\u00e4 ja sen l\u00e4hialueella on monia mielenkiintoisia tapahtumia sek\u00e4 n\u00e4ht\u00e4vyyksi\u00e4 ja vierailukohteita. Kokosimme niihin linkit sinun hy\u00f6dyksesi.\\n\\n\",\"margin_bottom\":\"default\",\"margin_top\":\"default\"}}]}]}]}],\"version\":\"5.0.23\"} --><\/p>\n","protected":false},"excerpt":{"rendered":"<p>Seasonal Highlights at Iso-Sy\u00f6te Christmas Party Celebrations Book a cozy and atmospheric Christmas party for your group at the top of Iso-Sy\u00f6te. Enjoy delicious, high-quality cuisine and wonderful moments together. Christmas party table reservations must be made at least one week prior to arrival: myyntipalvelu@isosyote.fi Christmas Eve Dinner December 24, 2026 at 4:00 PM \u2013 [&hellip;]<\/p>\n","protected":false},"author":1,"featured_media":2150,"parent":0,"menu_order":0,"comment_status":"closed","ping_status":"closed","template":"","meta":{"_acf_changed":false,"footnotes":""},"class_list":["post-2484","page","type-page","status-publish","has-post-thumbnail","hentry"],"acf":[],"yoast_head":"<!-- This site is optimized with the Yoast SEO Premium plugin v27.4 (Yoast SEO v27.4) - https:\/\/yoast.com\/product\/yoast-seo-premium-wordpress\/ -->\n<title>Seasonal Highlights, Christmas &amp; New Year at Hilltop Hotel Iso-Sy\u00f6te<\/title>\n<meta name=\"description\" content=\"Celebrate the festive season in Lapland at Hilltop Hotel Iso-Sy\u00f6te. Christmas parties, Christmas Eve dinner, Christmas Day dinner and New Year\u2019s Eve dining in stunning fell scenery.\" \/>\n<meta name=\"robots\" content=\"index, follow, max-snippet:-1, max-image-preview:large, max-video-preview:-1\" \/>\n<link rel=\"canonical\" href=\"https:\/\/hilltophotelisosyote.fi\/en\/seasonal-highlights\/\" \/>\n<meta property=\"og:locale\" content=\"en_US\" \/>\n<meta property=\"og:type\" content=\"article\" \/>\n<meta property=\"og:title\" content=\"Seasonal Highlights\" \/>\n<meta property=\"og:description\" content=\"Celebrate the festive season in Lapland at Hilltop Hotel Iso-Sy\u00f6te. Christmas parties, Christmas Eve dinner, Christmas Day dinner and New Year\u2019s Eve dining in stunning fell scenery.\" \/>\n<meta property=\"og:url\" content=\"https:\/\/hilltophotelisosyote.fi\/en\/seasonal-highlights\/\" \/>\n<meta property=\"og:site_name\" content=\"Hilltop Hotel Iso-Sy\u00f6te\" \/>\n<meta property=\"article:publisher\" content=\"https:\/\/www.facebook.com\/Hotel.Isosyote\/\" \/>\n<meta property=\"article:modified_time\" content=\"2026-04-27T07:26:53+00:00\" \/>\n<meta property=\"og:image\" content=\"https:\/\/hilltophotelisosyote.fi\/wp-content\/uploads\/2026\/02\/Pikkujoulu-1.jpg\" \/>\n\t<meta property=\"og:image:width\" content=\"2000\" \/>\n\t<meta property=\"og:image:height\" content=\"1150\" \/>\n\t<meta property=\"og:image:type\" content=\"image\/jpeg\" \/>\n<meta name=\"twitter:card\" content=\"summary_large_image\" \/>\n<meta name=\"twitter:label1\" content=\"Est. reading time\" \/>\n\t<meta name=\"twitter:data1\" content=\"2 minutes\" \/>\n<script type=\"application\/ld+json\" class=\"yoast-schema-graph\">{\"@context\":\"https:\\\/\\\/schema.org\",\"@graph\":[{\"@type\":\"WebPage\",\"@id\":\"https:\\\/\\\/hilltophotelisosyote.fi\\\/en\\\/seasonal-highlights\\\/\",\"url\":\"https:\\\/\\\/hilltophotelisosyote.fi\\\/en\\\/seasonal-highlights\\\/\",\"name\":\"Seasonal Highlights, Christmas & New Year at Hilltop Hotel Iso-Sy\u00f6te\",\"isPartOf\":{\"@id\":\"https:\\\/\\\/hilltophotelisosyote.fi\\\/en\\\/#website\"},\"primaryImageOfPage\":{\"@id\":\"https:\\\/\\\/hilltophotelisosyote.fi\\\/en\\\/seasonal-highlights\\\/#primaryimage\"},\"image\":{\"@id\":\"https:\\\/\\\/hilltophotelisosyote.fi\\\/en\\\/seasonal-highlights\\\/#primaryimage\"},\"thumbnailUrl\":\"https:\\\/\\\/hilltophotelisosyote.fi\\\/wp-content\\\/uploads\\\/2026\\\/02\\\/Pikkujoulu-1.jpg\",\"datePublished\":\"2026-02-02T12:56:18+00:00\",\"dateModified\":\"2026-04-27T07:26:53+00:00\",\"description\":\"Celebrate the festive season in Lapland at Hilltop Hotel Iso-Sy\u00f6te. Christmas parties, Christmas Eve dinner, Christmas Day dinner and New Year\u2019s Eve dining in stunning fell scenery.\",\"breadcrumb\":{\"@id\":\"https:\\\/\\\/hilltophotelisosyote.fi\\\/en\\\/seasonal-highlights\\\/#breadcrumb\"},\"inLanguage\":\"en-US\",\"potentialAction\":[{\"@type\":\"ReadAction\",\"target\":[\"https:\\\/\\\/hilltophotelisosyote.fi\\\/en\\\/seasonal-highlights\\\/\"]}]},{\"@type\":\"ImageObject\",\"inLanguage\":\"en-US\",\"@id\":\"https:\\\/\\\/hilltophotelisosyote.fi\\\/en\\\/seasonal-highlights\\\/#primaryimage\",\"url\":\"https:\\\/\\\/hilltophotelisosyote.fi\\\/wp-content\\\/uploads\\\/2026\\\/02\\\/Pikkujoulu-1.jpg\",\"contentUrl\":\"https:\\\/\\\/hilltophotelisosyote.fi\\\/wp-content\\\/uploads\\\/2026\\\/02\\\/Pikkujoulu-1.jpg\",\"width\":2000,\"height\":1150},{\"@type\":\"BreadcrumbList\",\"@id\":\"https:\\\/\\\/hilltophotelisosyote.fi\\\/en\\\/seasonal-highlights\\\/#breadcrumb\",\"itemListElement\":[{\"@type\":\"ListItem\",\"position\":1,\"name\":\"Etusivu\",\"item\":\"https:\\\/\\\/hilltophotelisosyote.fi\\\/en\\\/\"},{\"@type\":\"ListItem\",\"position\":2,\"name\":\"Seasonal Highlights\"}]},{\"@type\":\"WebSite\",\"@id\":\"https:\\\/\\\/hilltophotelisosyote.fi\\\/en\\\/#website\",\"url\":\"https:\\\/\\\/hilltophotelisosyote.fi\\\/en\\\/\",\"name\":\"Hilltop Hotel Iso-Sy\u00f6te\",\"description\":\"Rise Above the Ordinary!\",\"publisher\":{\"@id\":\"https:\\\/\\\/hilltophotelisosyote.fi\\\/en\\\/#organization\"},\"potentialAction\":[{\"@type\":\"SearchAction\",\"target\":{\"@type\":\"EntryPoint\",\"urlTemplate\":\"https:\\\/\\\/hilltophotelisosyote.fi\\\/en\\\/?s={search_term_string}\"},\"query-input\":{\"@type\":\"PropertyValueSpecification\",\"valueRequired\":true,\"valueName\":\"search_term_string\"}}],\"inLanguage\":\"en-US\"},{\"@type\":[\"Organization\",\"Place\"],\"@id\":\"https:\\\/\\\/hilltophotelisosyote.fi\\\/en\\\/#organization\",\"name\":\"Hilltop Hotel Iso-Sy\u00f6te\",\"url\":\"https:\\\/\\\/hilltophotelisosyote.fi\\\/en\\\/\",\"logo\":{\"@id\":\"https:\\\/\\\/hilltophotelisosyote.fi\\\/en\\\/seasonal-highlights\\\/#local-main-organization-logo\"},\"image\":{\"@id\":\"https:\\\/\\\/hilltophotelisosyote.fi\\\/en\\\/seasonal-highlights\\\/#local-main-organization-logo\"},\"sameAs\":[\"https:\\\/\\\/www.facebook.com\\\/Hotel.Isosyote\\\/\",\"https:\\\/\\\/www.instagram.com\\\/hotel.isosyote\\\/\",\"https:\\\/\\\/www.tripadvisor.fi\\\/Hotel_Review-g1370502-d633303-Reviews-Hotel_Iso_Syote-Iso_Syote_Lapland.html\"],\"telephone\":[],\"openingHoursSpecification\":[{\"@type\":\"OpeningHoursSpecification\",\"dayOfWeek\":[\"Monday\",\"Tuesday\",\"Wednesday\",\"Thursday\",\"Friday\",\"Saturday\",\"Sunday\"],\"opens\":\"09:00\",\"closes\":\"17:00\"}]},{\"@type\":\"ImageObject\",\"inLanguage\":\"en-US\",\"@id\":\"https:\\\/\\\/hilltophotelisosyote.fi\\\/en\\\/seasonal-highlights\\\/#local-main-organization-logo\",\"url\":\"https:\\\/\\\/hilltophotelisosyote.fi\\\/wp-content\\\/uploads\\\/2026\\\/01\\\/Hilltop_hotel_isosyote_3lines.png\",\"contentUrl\":\"https:\\\/\\\/hilltophotelisosyote.fi\\\/wp-content\\\/uploads\\\/2026\\\/01\\\/Hilltop_hotel_isosyote_3lines.png\",\"width\":800,\"height\":800,\"caption\":\"Hilltop Hotel Iso-Sy\u00f6te\"}]}<\/script>\n<!-- \/ Yoast SEO Premium plugin. -->","yoast_head_json":{"title":"Seasonal Highlights, Christmas & New Year at Hilltop Hotel Iso-Sy\u00f6te","description":"Celebrate the festive season in Lapland at Hilltop Hotel Iso-Sy\u00f6te. Christmas parties, Christmas Eve dinner, Christmas Day dinner and New Year\u2019s Eve dining in stunning fell scenery.","robots":{"index":"index","follow":"follow","max-snippet":"max-snippet:-1","max-image-preview":"max-image-preview:large","max-video-preview":"max-video-preview:-1"},"canonical":"https:\/\/hilltophotelisosyote.fi\/en\/seasonal-highlights\/","og_locale":"en_US","og_type":"article","og_title":"Seasonal Highlights","og_description":"Celebrate the festive season in Lapland at Hilltop Hotel Iso-Sy\u00f6te. Christmas parties, Christmas Eve dinner, Christmas Day dinner and New Year\u2019s Eve dining in stunning fell scenery.","og_url":"https:\/\/hilltophotelisosyote.fi\/en\/seasonal-highlights\/","og_site_name":"Hilltop Hotel Iso-Sy\u00f6te","article_publisher":"https:\/\/www.facebook.com\/Hotel.Isosyote\/","article_modified_time":"2026-04-27T07:26:53+00:00","og_image":[{"width":2000,"height":1150,"url":"https:\/\/hilltophotelisosyote.fi\/wp-content\/uploads\/2026\/02\/Pikkujoulu-1.jpg","type":"image\/jpeg"}],"twitter_card":"summary_large_image","twitter_misc":{"Est. reading time":"2 minutes"},"schema":{"@context":"https:\/\/schema.org","@graph":[{"@type":"WebPage","@id":"https:\/\/hilltophotelisosyote.fi\/en\/seasonal-highlights\/","url":"https:\/\/hilltophotelisosyote.fi\/en\/seasonal-highlights\/","name":"Seasonal Highlights, Christmas & New Year at Hilltop Hotel Iso-Sy\u00f6te","isPartOf":{"@id":"https:\/\/hilltophotelisosyote.fi\/en\/#website"},"primaryImageOfPage":{"@id":"https:\/\/hilltophotelisosyote.fi\/en\/seasonal-highlights\/#primaryimage"},"image":{"@id":"https:\/\/hilltophotelisosyote.fi\/en\/seasonal-highlights\/#primaryimage"},"thumbnailUrl":"https:\/\/hilltophotelisosyote.fi\/wp-content\/uploads\/2026\/02\/Pikkujoulu-1.jpg","datePublished":"2026-02-02T12:56:18+00:00","dateModified":"2026-04-27T07:26:53+00:00","description":"Celebrate the festive season in Lapland at Hilltop Hotel Iso-Sy\u00f6te. Christmas parties, Christmas Eve dinner, Christmas Day dinner and New Year\u2019s Eve dining in stunning fell scenery.","breadcrumb":{"@id":"https:\/\/hilltophotelisosyote.fi\/en\/seasonal-highlights\/#breadcrumb"},"inLanguage":"en-US","potentialAction":[{"@type":"ReadAction","target":["https:\/\/hilltophotelisosyote.fi\/en\/seasonal-highlights\/"]}]},{"@type":"ImageObject","inLanguage":"en-US","@id":"https:\/\/hilltophotelisosyote.fi\/en\/seasonal-highlights\/#primaryimage","url":"https:\/\/hilltophotelisosyote.fi\/wp-content\/uploads\/2026\/02\/Pikkujoulu-1.jpg","contentUrl":"https:\/\/hilltophotelisosyote.fi\/wp-content\/uploads\/2026\/02\/Pikkujoulu-1.jpg","width":2000,"height":1150},{"@type":"BreadcrumbList","@id":"https:\/\/hilltophotelisosyote.fi\/en\/seasonal-highlights\/#breadcrumb","itemListElement":[{"@type":"ListItem","position":1,"name":"Etusivu","item":"https:\/\/hilltophotelisosyote.fi\/en\/"},{"@type":"ListItem","position":2,"name":"Seasonal Highlights"}]},{"@type":"WebSite","@id":"https:\/\/hilltophotelisosyote.fi\/en\/#website","url":"https:\/\/hilltophotelisosyote.fi\/en\/","name":"Hilltop Hotel Iso-Sy\u00f6te","description":"Rise Above the Ordinary!","publisher":{"@id":"https:\/\/hilltophotelisosyote.fi\/en\/#organization"},"potentialAction":[{"@type":"SearchAction","target":{"@type":"EntryPoint","urlTemplate":"https:\/\/hilltophotelisosyote.fi\/en\/?s={search_term_string}"},"query-input":{"@type":"PropertyValueSpecification","valueRequired":true,"valueName":"search_term_string"}}],"inLanguage":"en-US"},{"@type":["Organization","Place"],"@id":"https:\/\/hilltophotelisosyote.fi\/en\/#organization","name":"Hilltop Hotel Iso-Sy\u00f6te","url":"https:\/\/hilltophotelisosyote.fi\/en\/","logo":{"@id":"https:\/\/hilltophotelisosyote.fi\/en\/seasonal-highlights\/#local-main-organization-logo"},"image":{"@id":"https:\/\/hilltophotelisosyote.fi\/en\/seasonal-highlights\/#local-main-organization-logo"},"sameAs":["https:\/\/www.facebook.com\/Hotel.Isosyote\/","https:\/\/www.instagram.com\/hotel.isosyote\/","https:\/\/www.tripadvisor.fi\/Hotel_Review-g1370502-d633303-Reviews-Hotel_Iso_Syote-Iso_Syote_Lapland.html"],"telephone":[],"openingHoursSpecification":[{"@type":"OpeningHoursSpecification","dayOfWeek":["Monday","Tuesday","Wednesday","Thursday","Friday","Saturday","Sunday"],"opens":"09:00","closes":"17:00"}]},{"@type":"ImageObject","inLanguage":"en-US","@id":"https:\/\/hilltophotelisosyote.fi\/en\/seasonal-highlights\/#local-main-organization-logo","url":"https:\/\/hilltophotelisosyote.fi\/wp-content\/uploads\/2026\/01\/Hilltop_hotel_isosyote_3lines.png","contentUrl":"https:\/\/hilltophotelisosyote.fi\/wp-content\/uploads\/2026\/01\/Hilltop_hotel_isosyote_3lines.png","width":800,"height":800,"caption":"Hilltop Hotel Iso-Sy\u00f6te"}]}},"_links":{"self":[{"href":"https:\/\/hilltophotelisosyote.fi\/en\/wp-json\/wp\/v2\/pages\/2484","targetHints":{"allow":["GET"]}}],"collection":[{"href":"https:\/\/hilltophotelisosyote.fi\/en\/wp-json\/wp\/v2\/pages"}],"about":[{"href":"https:\/\/hilltophotelisosyote.fi\/en\/wp-json\/wp\/v2\/types\/page"}],"author":[{"embeddable":true,"href":"https:\/\/hilltophotelisosyote.fi\/en\/wp-json\/wp\/v2\/users\/1"}],"replies":[{"embeddable":true,"href":"https:\/\/hilltophotelisosyote.fi\/en\/wp-json\/wp\/v2\/comments?post=2484"}],"version-history":[{"count":9,"href":"https:\/\/hilltophotelisosyote.fi\/en\/wp-json\/wp\/v2\/pages\/2484\/revisions"}],"predecessor-version":[{"id":3798,"href":"https:\/\/hilltophotelisosyote.fi\/en\/wp-json\/wp\/v2\/pages\/2484\/revisions\/3798"}],"wp:featuredmedia":[{"embeddable":true,"href":"https:\/\/hilltophotelisosyote.fi\/en\/wp-json\/wp\/v2\/media\/2150"}],"wp:attachment":[{"href":"https:\/\/hilltophotelisosyote.fi\/en\/wp-json\/wp\/v2\/media?parent=2484"}],"curies":[{"name":"wp","href":"https:\/\/api.w.org\/{rel}","templated":true}]}}