{"id":3757,"date":"2026-02-02T15:03:55","date_gmt":"2026-02-02T13:03:55","guid":{"rendered":"https:\/\/hilltophotelisosyote.fi\/seasonal-highlights\/jouluaaton-illallinen\/"},"modified":"2026-04-30T12:33:56","modified_gmt":"2026-04-30T09:33:56","slug":"traditional-finnish-christmas-dinner","status":"publish","type":"page","link":"https:\/\/hilltophotelisosyote.fi\/en\/seasonal-highlights\/traditional-finnish-christmas-dinner\/","title":{"rendered":"Traditional Finnish Christmas Dinner"},"content":{"rendered":"<h1>Traditional Finnish Christmas Dinner<br \/>\n<\/h1>\n<div>\n<p>Christmas Eve buffet available on 24 December 2025 at 4:00 PM. Please note: no \u00e0 la carte menu available.<\/p>\n<p>Festive buffet: \u20ac69 \/ person<br \/>Children aged 4\u201311: \u20ac26 \/ person<br \/>Children aged 0\u20133: free of charge<\/p>\n<\/div>\n<hr>\n<p><!--more--><br \/>\n<!-- {\"type\":\"layout\",\"children\":[{\"type\":\"section\",\"props\":{\"image_position\":\"center-center\",\"padding_bottom\":\"xsmall\",\"padding_top\":\"xsmall\",\"style\":\"secondary\",\"title_breakpoint\":\"xl\",\"title_position\":\"top-left\",\"title_rotation\":\"left\",\"vertical_align\":\"middle\",\"width\":\"default\"},\"children\":[{\"type\":\"row\",\"children\":[{\"type\":\"column\",\"props\":{\"image_position\":\"center-center\",\"position_sticky_breakpoint\":\"m\"},\"children\":[{\"type\":\"breadcrumbs\",\"props\":{\"show_current\":true,\"show_home\":false,\"text_align\":\"center\"}}]}]}],\"name\":\"breadcrumbs secondary background\"},{\"name\":\"Menu\",\"type\":\"section\",\"props\":{\"animation\":\"fade\",\"image\":\"wp-content\/uploads\/2026\/02\/jouluaatto.jpg\",\"image_effect\":\"fixed\",\"image_loading\":true,\"image_position\":\"center-center\",\"image_size\":\"cover\",\"image_width\":\"1920\",\"padding_bottom\":\"large\",\"padding_top\":\"large\",\"style\":\"default\",\"title_breakpoint\":\"xl\",\"title_position\":\"top-left\",\"title_rotation\":\"left\",\"vertical_align\":\"\",\"width\":\"default\"},\"children\":[{\"type\":\"row\",\"children\":[{\"type\":\"column\",\"props\":{\"image_position\":\"center-center\",\"padding\":\"large\",\"position_sticky_breakpoint\":\"m\",\"style\":\"tile-default\",\"width_medium\":\"1-1\"},\"children\":[{\"type\":\"headline\",\"props\":{\"content\":\"Traditional Finnish Christmas Dinner\\n\",\"image_align\":\"left\",\"image_margin\":\"xsmall\",\"text_align\":\"center\",\"title_element\":\"h1\",\"title_style\":\"heading-medium\"}},{\"type\":\"text\",\"props\":{\"block_align\":\"center\",\"column_breakpoint\":\"m\",\"content\":\"\n\n<p>Christmas Eve buffet available on 24 December 2025 at 4:00 PM. Please note: no \u00e0 la carte menu available.<\/p>\n\n\\n\n\n<p>Festive buffet: \u20ac69 \/ person<br \/>Children aged 4\u201311: \u20ac26 \/ person<br \/>Children aged 0\u20133: free of charge<\/p>\n\n\",\"margin_bottom\":\"large\",\"margin_top\":\"remove\",\"maxwidth\":\"2xlarge\",\"text_align\":\"center\"}},{\"type\":\"divider\",\"props\":{\"divider_align\":\"center\",\"divider_element\":\"hr\",\"divider_style\":\"small\"}}]}]},{\"type\":\"row\",\"props\":{\"layout\":\"1-2,1-2\",\"status\":\"disabled\"},\"children\":[{\"type\":\"column\",\"props\":{\"image_position\":\"center-center\",\"position_sticky_breakpoint\":\"m\",\"style\":\"card-default\",\"width_medium\":\"1-2\"},\"children\":[{\"type\":\"headline\",\"props\":{\"content\":\"Pikkujoulup\u00f6yt\u00e4 54 \u20ac\",\"image_align\":\"left\",\"image_margin\":\"xsmall\",\"margin_bottom\":\"small\",\"margin_top\":\"small\",\"text_align\":\"center\",\"title_element\":\"h2\",\"title_style\":\"h3\"}},{\"type\":\"text\",\"props\":{\"column_breakpoint\":\"m\",\"content\":\"\n\n<p>Noutop\u00f6yt\u00e4, min. 25 hl\u00f6\u00e4<\/p>\n\n\\n\n\n<h4>Alkuruoat<\/h4>\n\n\\n\n\n<p>Rapeaa vihersalaattia ja talon salaatinkastiketta (L,G)<br \/>Rosollia (L,G) ja Punajuurikermaa (L,G)<br \/>Mets\u00e4sienisalaattia (L,G)\u00a0<br \/>Juustolajitelma<br \/>Jokirapucaesar-salaattia<\/p>\n\n\\n\n\n<p><strong>Kylm\u00e4t kalat<\/strong><\/p>\n\n\\n\n\n<p>Graavattua lohta ja sinappikastiketta (L,G)<br \/>Savustettua siikaa (L,G)<br \/>Lohenm\u00e4ti\u00e4 (L,G),\u00a0<br \/>Sipulia ja Smetanaa (L,G)<br \/>Sillilajitelma (L,G)<\/p>\n\n\\n\n\n<p><strong>Kylm\u00e4t lihat<\/strong><\/p>\n\n\\n\n\n<p>Paahdettua kalkkunaa (L,G)<br \/>Maalaispateeta (L)<br \/>Poronpaistia (L,G)<br \/>Riistaterriini\u00e4<\/p>\n\n\\n\n\n<h4>P\u00c4\u00c4RUUAT<\/h4>\n\n\\n\n\n<p>Paistettua lohta ja tillivoisulaa<br \/>Perinteist\u00e4 joulukinkkua (L,G) ja Sinappikermaistakastiketta (L,G)<br \/>Porkkanalaatikkoa (L,G)<br \/>Lanttulaatikkoa (L,G)<br \/>Keitettyj\u00e4 perunoita (L,G)<br \/>Sinappia (L,G)<\/p>\n\n\\n\n\n<p>Joululimppua (L), Voita (L)<\/p>\n\n\\n\n\n<h4>J\u00c4LKIRUUAT<\/h4>\n\n\\n\n\n<p>Joulutorttua (L) ja Joulukakkua<br \/>Kahvia ja Teet\u00e4<\/p>\n\n\\n\n\n<p><em>Pid\u00e4t\u00e4mme oikeuden muutoksiin.<\/em><\/p>\n\n\",\"margin_bottom\":\"remove\",\"margin_top\":\"default\",\"text_align\":\"center\"}}]},{\"type\":\"column\",\"props\":{\"image_position\":\"center-center\",\"position_sticky_breakpoint\":\"m\",\"style\":\"card-default\",\"width_medium\":\"1-2\"},\"children\":[{\"type\":\"headline\",\"props\":{\"content\":\"Pikkujoulumenu 72 \u20ac\",\"image_align\":\"left\",\"image_margin\":\"xsmall\",\"margin_bottom\":\"small\",\"margin_top\":\"small\",\"text_align\":\"center\",\"title_element\":\"h2\",\"title_style\":\"h3\"}},{\"type\":\"text\",\"props\":{\"column_breakpoint\":\"m\",\"content\":\"\n\n<div>\\n\n\n<div>\\n\n\n<div id=\\\"primary\\\" class=\\\"primary primary--page template--full-width\\\"><main id=\\\"main\\\" class=\\\"main\\\">\\n\n\n<article id=\\\"post-8573\\\" class=\\\"entry entry--page full-width post-8573 palvelut type-palvelut status-publish has-post-thumbnail hentry\\\">\\n\n\n<div class=\\\"entry__content wysiwyg\\\">\\n\n\n<div class=\\\"wp-block-wpseed-container\\\">\\n\n\n<div class=\\\"wp-block-columns is-layout-flex wp-container-core-columns-is-layout-9d6595d7 wp-block-columns-is-layout-flex\\\">\\n\n\n<div class=\\\"wp-block-column is-layout-flow wp-block-column-is-layout-flow\\\">\\n\n\n<div class=\\\"wp-block-wpseed-container\\\">\\n\n\n<p class=\\\"wp-block-heading\\\">P\u00f6ytiin tarjoiltu, min. 10 hl\u00f6\u00e4<\/p>\n\n\\n\n\n<h4 class=\\\"wp-block-heading\\\"><span data-hyphens=\\\"\\\">ALKURUOKALAUTANEN<\/span><\/h4>\n\n\\n\n\n<p>Graavilohta (L,G)<br \/>Kylm\u00e4savustettua siikaa (L,G)<br \/>Siianm\u00e4ti\u00e4 (L,G)<br \/>Poronpaistia (L,G)<\/p>\n\n\\n\n\n<h4 class=\\\"wp-block-heading\\\">P\u00c4\u00c4RUOKA<\/h4>\n\n\\n\n\n<p>Puuhiiliuunissa grillattua porsaan sis\u00e4filett\u00e4 (L,G)<br \/>Paahdettuja kasviksia (L,G)<br \/>Sinappikastiketta (L,G)<\/p>\n\n\\n\n\n<h4 class=\\\"wp-block-heading\\\">J\u00c4LKIRUOKA<\/h4>\n\n\\n\n\n<p>Suklaakakkua<\/p>\n\n\\n\n\n<p><em>Pid\u00e4t\u00e4mme oikeuden muutoksiin<\/em><\/p>\n\n\\n<\/div>\n\n\\n<\/div>\n\n\\n<\/div>\n\n\\n<\/div>\n\n\\n<\/div>\n\n\\n<\/article>\n\n\\n<\/main><\/div>\n\n\\n\n\n<section class=\\\"fi-contact-form-restaurant sitesection__wrapper template--white\\\">\\n\n\n<div class=\\\"wysiwyg\\\"><\/div>\n\n\\n<\/section>\n\n\\n<\/div>\n\n\\n<\/div>\n\n\",\"margin_bottom\":\"remove\",\"margin_top\":\"default\",\"text_align\":\"center\"}}]}]}]}],\"version\":\"5.0.23\"} --><\/p>\n","protected":false},"excerpt":{"rendered":"<p>Traditional Finnish Christmas Dinner Christmas Eve buffet available on 24 December 2025 at 4:00 PM. Please note: no \u00e0 la carte menu available. Festive buffet: \u20ac69 \/ personChildren aged 4\u201311: \u20ac26 \/ personChildren aged 0\u20133: free of charge<\/p>\n","protected":false},"author":1,"featured_media":0,"parent":2484,"menu_order":0,"comment_status":"closed","ping_status":"closed","template":"","meta":{"_acf_changed":false,"footnotes":""},"class_list":["post-3757","page","type-page","status-publish","hentry"],"acf":[],"yoast_head":"<!-- This site is optimized with the Yoast SEO Premium plugin v27.4 (Yoast SEO v27.4) - https:\/\/yoast.com\/product\/yoast-seo-premium-wordpress\/ -->\n<title>Christmas Eve Buffet at Hilltop Hotel Iso-Sy\u00f6te<\/title>\n<meta name=\"description\" content=\"Celebrate Christmas Eve in the beautiful fell scenery of Iso-Sy\u00f6te. Hilltop Hotel Iso-Sy\u00f6te invites you to a festive Christmas buffet on December 24th at 4:00 PM. Book your Christmas Eve dinner early.\" \/>\n<meta name=\"robots\" content=\"index, follow, max-snippet:-1, max-image-preview:large, max-video-preview:-1\" \/>\n<link rel=\"canonical\" href=\"https:\/\/hilltophotelisosyote.fi\/en\/seasonal-highlights\/traditional-finnish-christmas-dinner\/\" \/>\n<meta property=\"og:locale\" content=\"en_US\" \/>\n<meta property=\"og:type\" content=\"article\" \/>\n<meta property=\"og:title\" content=\"Traditional Finnish Christmas Dinner\" \/>\n<meta property=\"og:description\" content=\"Celebrate Christmas Eve in the beautiful fell scenery of Iso-Sy\u00f6te. Hilltop Hotel Iso-Sy\u00f6te invites you to a festive Christmas buffet on December 24th at 4:00 PM. Book your Christmas Eve dinner early.\" \/>\n<meta property=\"og:url\" content=\"https:\/\/hilltophotelisosyote.fi\/en\/seasonal-highlights\/traditional-finnish-christmas-dinner\/\" \/>\n<meta property=\"og:site_name\" content=\"Hilltop Hotel Iso-Sy\u00f6te\" \/>\n<meta property=\"article:publisher\" content=\"https:\/\/www.facebook.com\/Hotel.Isosyote\/\" \/>\n<meta property=\"article:modified_time\" content=\"2026-04-30T09:33:56+00:00\" \/>\n<meta property=\"og:image\" content=\"https:\/\/hilltophotelisosyote.fi\/wp-content\/uploads\/2026\/02\/ravintola_hilltop-sali.jpg\" \/>\n\t<meta property=\"og:image:width\" content=\"2000\" \/>\n\t<meta property=\"og:image:height\" content=\"1150\" \/>\n\t<meta property=\"og:image:type\" content=\"image\/jpeg\" \/>\n<meta name=\"twitter:card\" content=\"summary_large_image\" \/>\n<meta name=\"twitter:label1\" content=\"Est. reading time\" \/>\n\t<meta name=\"twitter:data1\" content=\"1 minute\" \/>\n<script type=\"application\/ld+json\" class=\"yoast-schema-graph\">{\"@context\":\"https:\\\/\\\/schema.org\",\"@graph\":[{\"@type\":\"WebPage\",\"@id\":\"https:\\\/\\\/hilltophotelisosyote.fi\\\/en\\\/seasonal-highlights\\\/traditional-finnish-christmas-dinner\\\/\",\"url\":\"https:\\\/\\\/hilltophotelisosyote.fi\\\/en\\\/seasonal-highlights\\\/traditional-finnish-christmas-dinner\\\/\",\"name\":\"Christmas Eve Buffet at Hilltop Hotel Iso-Sy\u00f6te\",\"isPartOf\":{\"@id\":\"https:\\\/\\\/hilltophotelisosyote.fi\\\/en\\\/#website\"},\"datePublished\":\"2026-02-02T13:03:55+00:00\",\"dateModified\":\"2026-04-30T09:33:56+00:00\",\"description\":\"Celebrate Christmas Eve in the beautiful fell scenery of Iso-Sy\u00f6te. Hilltop Hotel Iso-Sy\u00f6te invites you to a festive Christmas buffet on December 24th at 4:00 PM. Book your Christmas Eve dinner early.\",\"breadcrumb\":{\"@id\":\"https:\\\/\\\/hilltophotelisosyote.fi\\\/en\\\/seasonal-highlights\\\/traditional-finnish-christmas-dinner\\\/#breadcrumb\"},\"inLanguage\":\"en-US\",\"potentialAction\":[{\"@type\":\"ReadAction\",\"target\":[\"https:\\\/\\\/hilltophotelisosyote.fi\\\/en\\\/seasonal-highlights\\\/traditional-finnish-christmas-dinner\\\/\"]}]},{\"@type\":\"BreadcrumbList\",\"@id\":\"https:\\\/\\\/hilltophotelisosyote.fi\\\/en\\\/seasonal-highlights\\\/traditional-finnish-christmas-dinner\\\/#breadcrumb\",\"itemListElement\":[{\"@type\":\"ListItem\",\"position\":1,\"name\":\"Etusivu\",\"item\":\"https:\\\/\\\/hilltophotelisosyote.fi\\\/en\\\/\"},{\"@type\":\"ListItem\",\"position\":2,\"name\":\"Seasonal Highlights\",\"item\":\"https:\\\/\\\/hilltophotelisosyote.fi\\\/en\\\/seasonal-highlights\\\/\"},{\"@type\":\"ListItem\",\"position\":3,\"name\":\"Traditional Finnish Christmas Dinner\"}]},{\"@type\":\"WebSite\",\"@id\":\"https:\\\/\\\/hilltophotelisosyote.fi\\\/en\\\/#website\",\"url\":\"https:\\\/\\\/hilltophotelisosyote.fi\\\/en\\\/\",\"name\":\"Hilltop Hotel Iso-Sy\u00f6te\",\"description\":\"Rise Above the Ordinary!\",\"publisher\":{\"@id\":\"https:\\\/\\\/hilltophotelisosyote.fi\\\/en\\\/#organization\"},\"potentialAction\":[{\"@type\":\"SearchAction\",\"target\":{\"@type\":\"EntryPoint\",\"urlTemplate\":\"https:\\\/\\\/hilltophotelisosyote.fi\\\/en\\\/?s={search_term_string}\"},\"query-input\":{\"@type\":\"PropertyValueSpecification\",\"valueRequired\":true,\"valueName\":\"search_term_string\"}}],\"inLanguage\":\"en-US\"},{\"@type\":[\"Organization\",\"Place\"],\"@id\":\"https:\\\/\\\/hilltophotelisosyote.fi\\\/en\\\/#organization\",\"name\":\"Hilltop Hotel Iso-Sy\u00f6te\",\"url\":\"https:\\\/\\\/hilltophotelisosyote.fi\\\/en\\\/\",\"logo\":{\"@id\":\"https:\\\/\\\/hilltophotelisosyote.fi\\\/en\\\/seasonal-highlights\\\/traditional-finnish-christmas-dinner\\\/#local-main-organization-logo\"},\"image\":{\"@id\":\"https:\\\/\\\/hilltophotelisosyote.fi\\\/en\\\/seasonal-highlights\\\/traditional-finnish-christmas-dinner\\\/#local-main-organization-logo\"},\"sameAs\":[\"https:\\\/\\\/www.facebook.com\\\/Hotel.Isosyote\\\/\",\"https:\\\/\\\/www.instagram.com\\\/hotel.isosyote\\\/\",\"https:\\\/\\\/www.tripadvisor.fi\\\/Hotel_Review-g1370502-d633303-Reviews-Hotel_Iso_Syote-Iso_Syote_Lapland.html\"],\"telephone\":[],\"openingHoursSpecification\":[{\"@type\":\"OpeningHoursSpecification\",\"dayOfWeek\":[\"Monday\",\"Tuesday\",\"Wednesday\",\"Thursday\",\"Friday\",\"Saturday\",\"Sunday\"],\"opens\":\"09:00\",\"closes\":\"17:00\"}]},{\"@type\":\"ImageObject\",\"inLanguage\":\"en-US\",\"@id\":\"https:\\\/\\\/hilltophotelisosyote.fi\\\/en\\\/seasonal-highlights\\\/traditional-finnish-christmas-dinner\\\/#local-main-organization-logo\",\"url\":\"https:\\\/\\\/hilltophotelisosyote.fi\\\/wp-content\\\/uploads\\\/2026\\\/01\\\/Hilltop_hotel_isosyote_3lines.png\",\"contentUrl\":\"https:\\\/\\\/hilltophotelisosyote.fi\\\/wp-content\\\/uploads\\\/2026\\\/01\\\/Hilltop_hotel_isosyote_3lines.png\",\"width\":800,\"height\":800,\"caption\":\"Hilltop Hotel Iso-Sy\u00f6te\"}]}<\/script>\n<!-- \/ Yoast SEO Premium plugin. -->","yoast_head_json":{"title":"Christmas Eve Buffet at Hilltop Hotel Iso-Sy\u00f6te","description":"Celebrate Christmas Eve in the beautiful fell scenery of Iso-Sy\u00f6te. Hilltop Hotel Iso-Sy\u00f6te invites you to a festive Christmas buffet on December 24th at 4:00 PM. Book your Christmas Eve dinner early.","robots":{"index":"index","follow":"follow","max-snippet":"max-snippet:-1","max-image-preview":"max-image-preview:large","max-video-preview":"max-video-preview:-1"},"canonical":"https:\/\/hilltophotelisosyote.fi\/en\/seasonal-highlights\/traditional-finnish-christmas-dinner\/","og_locale":"en_US","og_type":"article","og_title":"Traditional Finnish Christmas Dinner","og_description":"Celebrate Christmas Eve in the beautiful fell scenery of Iso-Sy\u00f6te. Hilltop Hotel Iso-Sy\u00f6te invites you to a festive Christmas buffet on December 24th at 4:00 PM. Book your Christmas Eve dinner early.","og_url":"https:\/\/hilltophotelisosyote.fi\/en\/seasonal-highlights\/traditional-finnish-christmas-dinner\/","og_site_name":"Hilltop Hotel Iso-Sy\u00f6te","article_publisher":"https:\/\/www.facebook.com\/Hotel.Isosyote\/","article_modified_time":"2026-04-30T09:33:56+00:00","og_image":[{"width":2000,"height":1150,"url":"https:\/\/hilltophotelisosyote.fi\/wp-content\/uploads\/2026\/02\/ravintola_hilltop-sali.jpg","type":"image\/jpeg"}],"twitter_card":"summary_large_image","twitter_misc":{"Est. reading time":"1 minute"},"schema":{"@context":"https:\/\/schema.org","@graph":[{"@type":"WebPage","@id":"https:\/\/hilltophotelisosyote.fi\/en\/seasonal-highlights\/traditional-finnish-christmas-dinner\/","url":"https:\/\/hilltophotelisosyote.fi\/en\/seasonal-highlights\/traditional-finnish-christmas-dinner\/","name":"Christmas Eve Buffet at Hilltop Hotel Iso-Sy\u00f6te","isPartOf":{"@id":"https:\/\/hilltophotelisosyote.fi\/en\/#website"},"datePublished":"2026-02-02T13:03:55+00:00","dateModified":"2026-04-30T09:33:56+00:00","description":"Celebrate Christmas Eve in the beautiful fell scenery of Iso-Sy\u00f6te. Hilltop Hotel Iso-Sy\u00f6te invites you to a festive Christmas buffet on December 24th at 4:00 PM. Book your Christmas Eve dinner early.","breadcrumb":{"@id":"https:\/\/hilltophotelisosyote.fi\/en\/seasonal-highlights\/traditional-finnish-christmas-dinner\/#breadcrumb"},"inLanguage":"en-US","potentialAction":[{"@type":"ReadAction","target":["https:\/\/hilltophotelisosyote.fi\/en\/seasonal-highlights\/traditional-finnish-christmas-dinner\/"]}]},{"@type":"BreadcrumbList","@id":"https:\/\/hilltophotelisosyote.fi\/en\/seasonal-highlights\/traditional-finnish-christmas-dinner\/#breadcrumb","itemListElement":[{"@type":"ListItem","position":1,"name":"Etusivu","item":"https:\/\/hilltophotelisosyote.fi\/en\/"},{"@type":"ListItem","position":2,"name":"Seasonal Highlights","item":"https:\/\/hilltophotelisosyote.fi\/en\/seasonal-highlights\/"},{"@type":"ListItem","position":3,"name":"Traditional Finnish Christmas Dinner"}]},{"@type":"WebSite","@id":"https:\/\/hilltophotelisosyote.fi\/en\/#website","url":"https:\/\/hilltophotelisosyote.fi\/en\/","name":"Hilltop Hotel Iso-Sy\u00f6te","description":"Rise Above the Ordinary!","publisher":{"@id":"https:\/\/hilltophotelisosyote.fi\/en\/#organization"},"potentialAction":[{"@type":"SearchAction","target":{"@type":"EntryPoint","urlTemplate":"https:\/\/hilltophotelisosyote.fi\/en\/?s={search_term_string}"},"query-input":{"@type":"PropertyValueSpecification","valueRequired":true,"valueName":"search_term_string"}}],"inLanguage":"en-US"},{"@type":["Organization","Place"],"@id":"https:\/\/hilltophotelisosyote.fi\/en\/#organization","name":"Hilltop Hotel Iso-Sy\u00f6te","url":"https:\/\/hilltophotelisosyote.fi\/en\/","logo":{"@id":"https:\/\/hilltophotelisosyote.fi\/en\/seasonal-highlights\/traditional-finnish-christmas-dinner\/#local-main-organization-logo"},"image":{"@id":"https:\/\/hilltophotelisosyote.fi\/en\/seasonal-highlights\/traditional-finnish-christmas-dinner\/#local-main-organization-logo"},"sameAs":["https:\/\/www.facebook.com\/Hotel.Isosyote\/","https:\/\/www.instagram.com\/hotel.isosyote\/","https:\/\/www.tripadvisor.fi\/Hotel_Review-g1370502-d633303-Reviews-Hotel_Iso_Syote-Iso_Syote_Lapland.html"],"telephone":[],"openingHoursSpecification":[{"@type":"OpeningHoursSpecification","dayOfWeek":["Monday","Tuesday","Wednesday","Thursday","Friday","Saturday","Sunday"],"opens":"09:00","closes":"17:00"}]},{"@type":"ImageObject","inLanguage":"en-US","@id":"https:\/\/hilltophotelisosyote.fi\/en\/seasonal-highlights\/traditional-finnish-christmas-dinner\/#local-main-organization-logo","url":"https:\/\/hilltophotelisosyote.fi\/wp-content\/uploads\/2026\/01\/Hilltop_hotel_isosyote_3lines.png","contentUrl":"https:\/\/hilltophotelisosyote.fi\/wp-content\/uploads\/2026\/01\/Hilltop_hotel_isosyote_3lines.png","width":800,"height":800,"caption":"Hilltop Hotel Iso-Sy\u00f6te"}]}},"_links":{"self":[{"href":"https:\/\/hilltophotelisosyote.fi\/en\/wp-json\/wp\/v2\/pages\/3757","targetHints":{"allow":["GET"]}}],"collection":[{"href":"https:\/\/hilltophotelisosyote.fi\/en\/wp-json\/wp\/v2\/pages"}],"about":[{"href":"https:\/\/hilltophotelisosyote.fi\/en\/wp-json\/wp\/v2\/types\/page"}],"author":[{"embeddable":true,"href":"https:\/\/hilltophotelisosyote.fi\/en\/wp-json\/wp\/v2\/users\/1"}],"replies":[{"embeddable":true,"href":"https:\/\/hilltophotelisosyote.fi\/en\/wp-json\/wp\/v2\/comments?post=3757"}],"version-history":[{"count":3,"href":"https:\/\/hilltophotelisosyote.fi\/en\/wp-json\/wp\/v2\/pages\/3757\/revisions"}],"predecessor-version":[{"id":3901,"href":"https:\/\/hilltophotelisosyote.fi\/en\/wp-json\/wp\/v2\/pages\/3757\/revisions\/3901"}],"up":[{"embeddable":true,"href":"https:\/\/hilltophotelisosyote.fi\/en\/wp-json\/wp\/v2\/pages\/2484"}],"wp:attachment":[{"href":"https:\/\/hilltophotelisosyote.fi\/en\/wp-json\/wp\/v2\/media?parent=3757"}],"curies":[{"name":"wp","href":"https:\/\/api.w.org\/{rel}","templated":true}]}}